{"id":7,"date":"2017-10-05T11:37:06","date_gmt":"2017-10-05T11:37:06","guid":{"rendered":"https:\/\/camteamblog.wordpress.com\/?page_id=3"},"modified":"2020-11-26T11:52:46","modified_gmt":"2020-11-26T09:52:46","slug":"about","status":"publish","type":"page","link":"https:\/\/www.camteam.fi\/en\/palvelut\/about\/","title":{"rendered":"Kumppanuus"},"content":{"rendered":"<p>&nbsp;<\/p>\n<div style=\"float: left; width: 60%;\">\n<h4>Etsitk\u00f6 luotettavaa kumppania? Olemme mukana tuotteesi koko elinkaaressa.<\/h4>\n<p>Asiakkaan tarpeiden ja vaatimusten ymm\u00e4rt\u00e4minen on olennaista kaikkien uusien tuotteiden kehityksess\u00e4. Uskomme yhteisty\u00f6ll\u00e4 tuoteideasta alkaen kykenev\u00e4mme auttaa asiakkaitamme parhaiten optimaalisen ratkaisun l\u00f6yt\u00e4misess\u00e4 sek\u00e4 toiminnallisuuden, laadun ett\u00e4 hinnan kannalta. Ymm\u00e4rr\u00e4mme kuitenkin, ettei sama kaava sovi kaikille, siksi voit hankkia palveluitamme haluamillasi kokonaisuuksina. Joko yksitt\u00e4in tai suurempina kokonaisuuksina, valitse palveluistamme:<\/p>\n<p><img data-recalc-dims=\"1\" fetchpriority=\"high\" decoding=\"async\" data-attachment-id=\"81\" data-permalink=\"https:\/\/www.camteam.fi\/en\/?attachment_id=81\" data-orig-file=\"https:\/\/i0.wp.com\/www.camteam.fi\/wpskb\/wp-content\/uploads\/2017\/10\/prosessi.jpg?fit=694%2C434&amp;ssl=1\" data-orig-size=\"694,434\" data-comments-opened=\"1\" data-image-meta=\"{&quot;aperture&quot;:&quot;0&quot;,&quot;credit&quot;:&quot;&quot;,&quot;camera&quot;:&quot;&quot;,&quot;caption&quot;:&quot;&quot;,&quot;created_timestamp&quot;:&quot;0&quot;,&quot;copyright&quot;:&quot;&quot;,&quot;focal_length&quot;:&quot;0&quot;,&quot;iso&quot;:&quot;0&quot;,&quot;shutter_speed&quot;:&quot;0&quot;,&quot;title&quot;:&quot;&quot;,&quot;orientation&quot;:&quot;1&quot;}\" data-image-title=\"prosessi\" data-image-description=\"\" data-image-caption=\"\" data-medium-file=\"https:\/\/i0.wp.com\/www.camteam.fi\/wpskb\/wp-content\/uploads\/2017\/10\/prosessi.jpg?fit=300%2C188&amp;ssl=1\" data-large-file=\"https:\/\/i0.wp.com\/www.camteam.fi\/wpskb\/wp-content\/uploads\/2017\/10\/prosessi.jpg?fit=694%2C434&amp;ssl=1\" class=\"alignnone size-full wp-image-81\" src=\"https:\/\/i0.wp.com\/www.camteam.fi\/wpskb\/wp-content\/uploads\/2017\/10\/prosessi.jpg?resize=694%2C434\" alt=\"prosessi\" width=\"694\" height=\"434\" srcset=\"https:\/\/i0.wp.com\/www.camteam.fi\/wpskb\/wp-content\/uploads\/2017\/10\/prosessi.jpg?w=694&amp;ssl=1 694w, https:\/\/i0.wp.com\/www.camteam.fi\/wpskb\/wp-content\/uploads\/2017\/10\/prosessi.jpg?resize=300%2C188&amp;ssl=1 300w\" sizes=\"(max-width: 694px) 100vw, 694px\" \/><\/p>\n<p>Camteam panostaa palveluiden kehitt\u00e4miseen ja yll\u00e4pitoon. Henkil\u00f6st\u00f6mme pitk\u00e4aikainen ja monipuolinen kokemus yhdistettyn\u00e4 ajanmukaiseen suunnittelu- ja valmistustekniikkaan varmistaa laadukkaan lopputuloksen asiakkaalle. Investoimme henkil\u00f6st\u00f6n osaamisen yll\u00e4pit\u00e4miseen ja kehitt\u00e4miseen sek\u00e4 k\u00e4yt\u00f6ss\u00e4mme oleviin suunnittelu- ja tuotantov\u00e4lineisiin, jotta asiakas voi turvallisesti antaa valmistuksen hoidettavaksemme. Yrityksemme henkil\u00f6st\u00f6ll\u00e4 on laaja-alainen ja pitk\u00e4 kokemus tuotekehitysprojekteista Suomessa ja maailmalla, Euroopassa, Aasiassa ja USA:ssa.<\/p>\n<\/div>\n<div style=\"float: right; width: 40%;\"><img data-recalc-dims=\"1\" decoding=\"async\" data-attachment-id=\"104\" data-permalink=\"https:\/\/www.camteam.fi\/en\/palvelut\/about\/cambox1\/\" data-orig-file=\"https:\/\/i0.wp.com\/www.camteam.fi\/wpskb\/wp-content\/uploads\/2017\/10\/cambox1.png?fit=875%2C946&amp;ssl=1\" data-orig-size=\"875,946\" data-comments-opened=\"1\" data-image-meta=\"{&quot;aperture&quot;:&quot;0&quot;,&quot;credit&quot;:&quot;&quot;,&quot;camera&quot;:&quot;&quot;,&quot;caption&quot;:&quot;&quot;,&quot;created_timestamp&quot;:&quot;0&quot;,&quot;copyright&quot;:&quot;&quot;,&quot;focal_length&quot;:&quot;0&quot;,&quot;iso&quot;:&quot;0&quot;,&quot;shutter_speed&quot;:&quot;0&quot;,&quot;title&quot;:&quot;&quot;,&quot;orientation&quot;:&quot;0&quot;}\" data-image-title=\"cambox1\" data-image-description=\"\" data-image-caption=\"\" data-medium-file=\"https:\/\/i0.wp.com\/www.camteam.fi\/wpskb\/wp-content\/uploads\/2017\/10\/cambox1.png?fit=277%2C300&amp;ssl=1\" data-large-file=\"https:\/\/i0.wp.com\/www.camteam.fi\/wpskb\/wp-content\/uploads\/2017\/10\/cambox1.png?fit=800%2C865&amp;ssl=1\" class=\"alignright size-full wp-image-104\" src=\"https:\/\/i0.wp.com\/www.camteam.fi\/wpskb\/wp-content\/uploads\/2017\/10\/cambox1.png?resize=800%2C865\" alt=\"cambox1\" width=\"800\" height=\"865\" srcset=\"https:\/\/i0.wp.com\/www.camteam.fi\/wpskb\/wp-content\/uploads\/2017\/10\/cambox1.png?w=875&amp;ssl=1 875w, https:\/\/i0.wp.com\/www.camteam.fi\/wpskb\/wp-content\/uploads\/2017\/10\/cambox1.png?resize=277%2C300&amp;ssl=1 277w, https:\/\/i0.wp.com\/www.camteam.fi\/wpskb\/wp-content\/uploads\/2017\/10\/cambox1.png?resize=768%2C830&amp;ssl=1 768w\" sizes=\"(max-width: 800px) 100vw, 800px\" \/><\/div>","protected":false},"excerpt":{"rendered":"<p>Camteam &#8211; muoviosat &#8211; ruiskuvalu &#8211; monikomponentti &#8211; kaasuavusteinen ruiskupuristus &#8211; protosarjat<\/p>","protected":false},"author":1,"featured_media":0,"parent":110,"menu_order":1,"comment_status":"closed","ping_status":"closed","template":"","meta":{"jetpack_post_was_ever_published":false,"footnotes":""},"class_list":["post-7","page","type-page","status-publish","hentry"],"jetpack_sharing_enabled":false,"jetpack_shortlink":"https:\/\/wp.me\/PdMtA4-7","jetpack_likes_enabled":true,"jetpack-related-posts":[{"id":215,"url":"https:\/\/www.camteam.fi\/en\/laatu\/","url_meta":{"origin":7,"position":0},"title":"Laatusertifikaatit Laatu- ja ymp\u00e4rist\u00f6politiikka (ISO\u2026","author":"Master","date":"10th October 2017","format":false,"excerpt":"Camteam - muoviosat - ruiskuvalu - monikomponentti - kaasuavusteinen ruiskupuristus - protosarjat","rel":"","context":"Similar post","block_context":{"text":"Similar post","link":""},"img":{"alt_text":"","src":"https:\/\/i0.wp.com\/www.camteam.fi\/wpskb\/wp-content\/uploads\/2024\/01\/sertifikaatti-2024-2.png?resize=350%2C200&ssl=1","width":350,"height":200,"srcset":"https:\/\/i0.wp.com\/www.camteam.fi\/wpskb\/wp-content\/uploads\/2024\/01\/sertifikaatti-2024-2.png?resize=350%2C200&ssl=1 1x, https:\/\/i0.wp.com\/www.camteam.fi\/wpskb\/wp-content\/uploads\/2024\/01\/sertifikaatti-2024-2.png?resize=525%2C300&ssl=1 1.5x"},"classes":[]},{"id":1604,"url":"https:\/\/www.camteam.fi\/en\/our-story\/","url_meta":{"origin":7,"position":1},"title":"Our Story","author":"Master","date":"1st August 2024","format":false,"excerpt":"Historia 1991-2026 Tarinamme Kaarinassa toimi 1982-1991 Plastic Tool Oy -niminen yritys, joka oli salolaisen Saloplast Oy:n ty\u00f6kaluyksikk\u00f6. Plastic Tool valmisti ja huolsi ruiskupuristusmuotteja massatuotantoa varten. Suhdanteiden heikentyess\u00e4 Saloplast p\u00e4\u00e4tti ajaa yksik\u00f6n alas vuonna 1991, jolloin kuusi sen ty\u00f6ntekij\u00e4\u00e4 osti yrityksen liiketoiminnan ja perustettiin Camteam Oy. Nimi keksittiin kun suunnitteluprosessissa keskeist\u00e4\u2026","rel":"","context":"Similar post","block_context":{"text":"Similar post","link":""},"img":{"alt_text":"","src":"","width":0,"height":0},"classes":[]},{"id":1608,"url":"https:\/\/www.camteam.fi\/en\/","url_meta":{"origin":7,"position":2},"title":"Etusivu","author":"Master","date":"1st August 2024","format":false,"excerpt":"Luotettava muovikumppanisi Jo vuodesta 1991 Ota yhteytt\u00e4 Miten edet\u00e4\u00e4n? Olemme t\u00e4\u00e4ll\u00e4 tarpeitasi varten, mit\u00e4 ikin\u00e4 muovituotteesi vaatiikaan. AlkupalaveriProjekti alkaa kunnollisella tutustumisella ideaan tai tuotteeseen. Mentoroimme asiakkaitamme tarpeen mukaan. SuunnitteluSuunnittelemme ja analysoimme tuotteen ja\/tai ruiskupuristusmuotin vuosien kokemuksella. ValmistusLastu lent\u00e4m\u00e4\u00e4n! Muottivalmistuksen jokainen vaihe tapahtuu meill\u00e4 Kaarinassa. Kauttamme my\u00f6s muottihankinta yhteisty\u00f6kumppaneiltamme. J\u00e4lkik\u00e4sittelyRuiskupuristettu tuote\u2026","rel":"","context":"Similar post","block_context":{"text":"Similar post","link":""},"img":{"alt_text":"","src":"https:\/\/i0.wp.com\/www.camteam.fi\/wpskb\/wp-content\/uploads\/2025\/09\/Nayttokuva_23-9-2025_203357_.jpeg?resize=350%2C200&ssl=1","width":350,"height":200,"srcset":"https:\/\/i0.wp.com\/www.camteam.fi\/wpskb\/wp-content\/uploads\/2025\/09\/Nayttokuva_23-9-2025_203357_.jpeg?resize=350%2C200&ssl=1 1x, https:\/\/i0.wp.com\/www.camteam.fi\/wpskb\/wp-content\/uploads\/2025\/09\/Nayttokuva_23-9-2025_203357_.jpeg?resize=525%2C300&ssl=1 1.5x, https:\/\/i0.wp.com\/www.camteam.fi\/wpskb\/wp-content\/uploads\/2025\/09\/Nayttokuva_23-9-2025_203357_.jpeg?resize=700%2C400&ssl=1 2x"},"classes":[]},{"id":1593,"url":"https:\/\/www.camteam.fi\/en\/our-services\/","url_meta":{"origin":7,"position":3},"title":"Our Services","author":"Master","date":"1st August 2024","format":false,"excerpt":"Palvelut. T\u00e4ll\u00e4 sivulla voit tutustua kaikkiin tarjoamiimme palveluihin. Muottivalmistus Valmistamme t\u00e4\u00e4ll\u00e4 Kaarinassa muotteja satojen muottien kokemuksella. Muottisuunnittelu Alan johtavat ohjelmistot yhdistettyn\u00e4 suunnittelijoimme kokemukseen mahdollistavat korkealuokkaiset muotit. Ruiskupuristaminen Puristamme 1-, 2- ja 3-komponenttituotteet it\u00e4valtaisilla Engel-ruiskuvalukoneillamme.\u00a0 Analysointi Moldflow-ohjelmistolla varmistamme, ett\u00e4 tuotteesta on mahdollista saada juuri vaatimusten mukainen.\u00a0 Tuotesuunnittelu Tied\u00e4mme mit\u00e4 muovituotteilta vaaditaan,\u2026","rel":"","context":"Similar post","block_context":{"text":"Similar post","link":""},"img":{"alt_text":"","src":"https:\/\/i0.wp.com\/www.camteam.fi\/wpskb\/wp-content\/uploads\/2024\/08\/IMG_9460-e1723108147652.png?resize=350%2C200&ssl=1","width":350,"height":200,"srcset":"https:\/\/i0.wp.com\/www.camteam.fi\/wpskb\/wp-content\/uploads\/2024\/08\/IMG_9460-e1723108147652.png?resize=350%2C200&ssl=1 1x, https:\/\/i0.wp.com\/www.camteam.fi\/wpskb\/wp-content\/uploads\/2024\/08\/IMG_9460-e1723108147652.png?resize=525%2C300&ssl=1 1.5x, https:\/\/i0.wp.com\/www.camteam.fi\/wpskb\/wp-content\/uploads\/2024\/08\/IMG_9460-e1723108147652.png?resize=700%2C400&ssl=1 2x, https:\/\/i0.wp.com\/www.camteam.fi\/wpskb\/wp-content\/uploads\/2024\/08\/IMG_9460-e1723108147652.png?resize=1050%2C600&ssl=1 3x, https:\/\/i0.wp.com\/www.camteam.fi\/wpskb\/wp-content\/uploads\/2024\/08\/IMG_9460-e1723108147652.png?resize=1400%2C800&ssl=1 4x"},"classes":[]},{"id":168,"url":"https:\/\/www.camteam.fi\/en\/palvelut\/kokoonpano-ja-logistiikka\/","url_meta":{"origin":7,"position":4},"title":"Kokoonpano ja Logistiikka","author":"Master","date":"9th October 2017","format":false,"excerpt":"Camteam - muoviosat - ruiskuvalu - monikomponentti - kaasuavusteinen ruiskupuristus - protosarjat","rel":"","context":"Similar post","block_context":{"text":"Similar post","link":""},"img":{"alt_text":"","src":"https:\/\/i0.wp.com\/www.camteam.fi\/wpskb\/wp-content\/uploads\/2017\/10\/IMG_6565-300x225.jpg?resize=350%2C200","width":350,"height":200},"classes":[]},{"id":176,"url":"https:\/\/www.camteam.fi\/en\/referenssit\/","url_meta":{"origin":7,"position":5},"title":"Referenssit","author":"Master","date":"9th October 2017","format":false,"excerpt":"Camteam - muoviosat - ruiskuvalu - monikomponentti - kaasuavusteinen ruiskupuristus - protosarjat","rel":"","context":"Similar post","block_context":{"text":"Similar post","link":""},"img":{"alt_text":"","src":"https:\/\/i0.wp.com\/www.camteam.fi\/wpskb\/wp-content\/uploads\/2024\/01\/Kaikki-Logot-1.png?resize=350%2C200&ssl=1","width":350,"height":200,"srcset":"https:\/\/i0.wp.com\/www.camteam.fi\/wpskb\/wp-content\/uploads\/2024\/01\/Kaikki-Logot-1.png?resize=350%2C200&ssl=1 1x, https:\/\/i0.wp.com\/www.camteam.fi\/wpskb\/wp-content\/uploads\/2024\/01\/Kaikki-Logot-1.png?resize=525%2C300&ssl=1 1.5x, https:\/\/i0.wp.com\/www.camteam.fi\/wpskb\/wp-content\/uploads\/2024\/01\/Kaikki-Logot-1.png?resize=700%2C400&ssl=1 2x, https:\/\/i0.wp.com\/www.camteam.fi\/wpskb\/wp-content\/uploads\/2024\/01\/Kaikki-Logot-1.png?resize=1050%2C600&ssl=1 3x"},"classes":[]}],"rttpg_featured_image_url":null,"rttpg_author":{"display_name":"Master","author_link":"https:\/\/www.camteam.fi\/en\/author\/camadmin\/"},"rttpg_comment":0,"rttpg_category":null,"rttpg_excerpt":"Camteam - muoviosat - ruiskuvalu - monikomponentti - kaasuavusteinen ruiskupuristus - protosarjat","_links":{"self":[{"href":"https:\/\/www.camteam.fi\/en\/wp-json\/wp\/v2\/pages\/7","targetHints":{"allow":["GET"]}}],"collection":[{"href":"https:\/\/www.camteam.fi\/en\/wp-json\/wp\/v2\/pages"}],"about":[{"href":"https:\/\/www.camteam.fi\/en\/wp-json\/wp\/v2\/types\/page"}],"author":[{"embeddable":true,"href":"https:\/\/www.camteam.fi\/en\/wp-json\/wp\/v2\/users\/1"}],"replies":[{"embeddable":true,"href":"https:\/\/www.camteam.fi\/en\/wp-json\/wp\/v2\/comments?post=7"}],"version-history":[{"count":5,"href":"https:\/\/www.camteam.fi\/en\/wp-json\/wp\/v2\/pages\/7\/revisions"}],"predecessor-version":[{"id":1632,"href":"https:\/\/www.camteam.fi\/en\/wp-json\/wp\/v2\/pages\/7\/revisions\/1632"}],"up":[{"embeddable":true,"href":"https:\/\/www.camteam.fi\/en\/wp-json\/wp\/v2\/pages\/110"}],"wp:attachment":[{"href":"https:\/\/www.camteam.fi\/en\/wp-json\/wp\/v2\/media?parent=7"}],"curies":[{"name":"wp","href":"https:\/\/api.w.org\/{rel}","templated":true}]}}