{"id":215,"date":"2017-10-10T07:12:06","date_gmt":"2017-10-10T07:12:06","guid":{"rendered":"https:\/\/camteamblog.wordpress.com\/?page_id=215"},"modified":"2024-08-12T13:11:55","modified_gmt":"2024-08-12T10:11:55","slug":"laatu","status":"publish","type":"page","link":"https:\/\/www.camteam.fi\/en\/laatu\/","title":{"rendered":""},"content":{"rendered":"<div data-elementor-type=\"wp-page\" data-elementor-id=\"215\" class=\"elementor elementor-215\">\n\t\t\t\t<div class=\"elementor-element elementor-element-64e92f4 e-flex e-con-boxed e-con e-parent\" data-id=\"64e92f4\" data-element_type=\"container\" data-e-type=\"container\">\n\t\t\t\t\t<div class=\"e-con-inner\">\n\t\t\t\t<div class=\"elementor-element elementor-element-6e77306 elementor-widget elementor-widget-spacer\" data-id=\"6e77306\" data-element_type=\"widget\" data-e-type=\"widget\" data-widget_type=\"spacer.default\">\n\t\t\t\t<div class=\"elementor-widget-container\">\n\t\t\t\t\t\t\t<div class=\"elementor-spacer\">\n\t\t\t<div class=\"elementor-spacer-inner\"><\/div>\n\t\t<\/div>\n\t\t\t\t\t\t<\/div>\n\t\t\t\t<\/div>\n\t\t\t\t<div class=\"elementor-element elementor-element-41c9241 elementor-widget elementor-widget-heading\" data-id=\"41c9241\" data-element_type=\"widget\" data-e-type=\"widget\" data-widget_type=\"heading.default\">\n\t\t\t\t<div class=\"elementor-widget-container\">\n\t\t\t\t\t<h2 class=\"elementor-heading-title elementor-size-default\">Management system certificates<\/h2>\t\t\t\t<\/div>\n\t\t\t\t<\/div>\n\t\t\t\t<div class=\"elementor-element elementor-element-d7950be elementor-widget elementor-widget-spacer\" data-id=\"d7950be\" data-element_type=\"widget\" data-e-type=\"widget\" data-widget_type=\"spacer.default\">\n\t\t\t\t<div class=\"elementor-widget-container\">\n\t\t\t\t\t\t\t<div class=\"elementor-spacer\">\n\t\t\t<div class=\"elementor-spacer-inner\"><\/div>\n\t\t<\/div>\n\t\t\t\t\t\t<\/div>\n\t\t\t\t<\/div>\n\t\t\t\t\t<\/div>\n\t\t\t\t<\/div>\n\t\t<div class=\"elementor-element elementor-element-50626112 e-flex e-con-boxed e-con e-parent\" data-id=\"50626112\" data-element_type=\"container\" data-e-type=\"container\">\n\t\t\t\t\t<div class=\"e-con-inner\">\n\t\t\t\t<div class=\"elementor-element elementor-element-6346197c elementor-widget elementor-widget-text-editor\" data-id=\"6346197c\" data-element_type=\"widget\" data-e-type=\"widget\" data-widget_type=\"text-editor.default\">\n\t\t\t\t<div class=\"elementor-widget-container\">\n\t\t\t\t\t\t\t\t\t<!-- \/wp:gallery --><!-- wp:paragraph --><!-- \/wp:paragraph --><!-- wp:heading {\"textAlign\":\"center\",\"level\":3} -->\n<h3 class=\"wp-block-heading has-text-align-center\">Laatu- ja ymp\u00e4rist\u00f6politiikka (ISO 9001, ISO 14001)<\/h3>\n<!-- \/wp:heading --><!-- wp:paragraph -->\n<p>Camteam Oy suunnittelee ja valmistaa alihankintana vaativia muovituotteita sek\u00e4 niiden valmistuksessa tarvittavia muotteja. Muoviosat valmistetaan ruiskupuristustekniikalla k\u00e4ytt\u00e4en sek\u00e4 perinteisi\u00e4- ett\u00e4 monikomponentti-ruiskupuristuskoneita ajatuksena tukea asiakasta ideasta tuotantoon asti.<\/p>\n<!-- \/wp:paragraph --><!-- wp:paragraph -->\n<p>Jatkuvalla toimintatapojemme ja laadunhallintaj\u00e4rjestelm\u00e4mme parantamisella sek\u00e4 organisaatiomme kehitysty\u00f6ll\u00e4 pid\u00e4mme tuotteemme ja palvelumme kilpailukykyisin\u00e4 ja laadukkaina, jotta asiakas saa nykyaikaisella tekniikalla valmistetut tuotteet ja palvelut luotettavasti vaatimuksiaan vastaavassa muodossa.<\/p>\n<!-- \/wp:paragraph --><!-- wp:paragraph -->\n<p>Laatutavoitteemme ovat:<\/p>\n<!-- \/wp:paragraph --><!-- wp:list -->\n<ul><!-- wp:list-item -->\n<li>asiakastyytyv\u00e4isyys ja toimintamme kannattavuus<\/li>\n<!-- \/wp:list-item --><!-- wp:list-item -->\n<li>kilpailukykyiset tuotteet ja palvelut asiakasvaatimusten mukaisesti<\/li>\n<!-- \/wp:list-item --><\/ul>\n<!-- \/wp:list --><!-- wp:paragraph -->\n<p>Laatutavoitteemme saavutamme ammattitaitoisella ja motivoituneella henkil\u00f6st\u00f6ll\u00e4, jotka kaikki yhdess\u00e4 kannamme vastuun tuotteidemme ja palvelumme laadusta ja sen kehitt\u00e4misest\u00e4.<\/p>\n<!-- \/wp:paragraph --><!-- wp:paragraph -->\n<p><strong>Kaikessa toiminnassamme otamme huomioon lains\u00e4\u00e4d\u00e4nn\u00f6n ja yhteiskunnan asettamat vaatimukset.<\/strong><\/p>\n<!-- \/wp:paragraph --><!-- wp:paragraph -->\n<p>Ymp\u00e4rist\u00f6tavoitteemme ovat:<\/p>\n<!-- \/wp:paragraph --><!-- wp:list -->\n<ul><!-- wp:list-item -->\n<li>j\u00e4tteiden synnyn ehk\u00e4iseminen materiaalien tehokkaalla k\u00e4yt\u00f6ll\u00e4<\/li>\n<!-- \/wp:list-item --><!-- wp:list-item -->\n<li>j\u00e4tteiden lajittelu ja hy\u00f6tyk\u00e4ytt\u00f6<\/li>\n<!-- \/wp:list-item --><\/ul>\n<!-- \/wp:list --><!-- wp:paragraph -->\n<p>Omien sek\u00e4 asiakkaamme ymp\u00e4rist\u00f6tavoitteiden toteutumista toteutamme yhteisty\u00f6ll\u00e4 tuotteiden kehitt\u00e4misess\u00e4, jolla pyrit\u00e4\u00e4n ymp\u00e4rist\u00f6vaikutusten pienent\u00e4miseen.<\/p>\n<!-- \/wp:paragraph -->\t\t\t\t\t\t\t\t<\/div>\n\t\t\t\t<\/div>\n\t\t\t\t<div class=\"elementor-element elementor-element-59de942 elementor-widget elementor-widget-spacer\" data-id=\"59de942\" data-element_type=\"widget\" data-e-type=\"widget\" data-widget_type=\"spacer.default\">\n\t\t\t\t<div class=\"elementor-widget-container\">\n\t\t\t\t\t\t\t<div class=\"elementor-spacer\">\n\t\t\t<div class=\"elementor-spacer-inner\"><\/div>\n\t\t<\/div>\n\t\t\t\t\t\t<\/div>\n\t\t\t\t<\/div>\n\t\t<div class=\"elementor-element elementor-element-a9d8dc7 e-grid e-con-full e-con e-child\" data-id=\"a9d8dc7\" data-element_type=\"container\" data-e-type=\"container\">\n\t\t\t\t<div class=\"elementor-element elementor-element-96be975 elementor-widget elementor-widget-image\" data-id=\"96be975\" data-element_type=\"widget\" data-e-type=\"widget\" data-widget_type=\"image.default\">\n\t\t\t\t<div class=\"elementor-widget-container\">\n\t\t\t\t\t\t\t\t\t\t\t\t\t\t\t<img fetchpriority=\"high\" decoding=\"async\" data-attachment-id=\"1556\" data-permalink=\"https:\/\/www.camteam.fi\/en\/laatu\/sertifikaatti-2024-2\/\" data-orig-file=\"https:\/\/i0.wp.com\/www.camteam.fi\/wpskb\/wp-content\/uploads\/2024\/01\/sertifikaatti-2024-2.png?fit=583%2C824&amp;ssl=1\" data-orig-size=\"583,824\" data-comments-opened=\"0\" data-image-meta=\"{&quot;aperture&quot;:&quot;0&quot;,&quot;credit&quot;:&quot;&quot;,&quot;camera&quot;:&quot;&quot;,&quot;caption&quot;:&quot;&quot;,&quot;created_timestamp&quot;:&quot;0&quot;,&quot;copyright&quot;:&quot;&quot;,&quot;focal_length&quot;:&quot;0&quot;,&quot;iso&quot;:&quot;0&quot;,&quot;shutter_speed&quot;:&quot;0&quot;,&quot;title&quot;:&quot;&quot;,&quot;orientation&quot;:&quot;0&quot;}\" data-image-title=\"sertifikaatti 2024 2\" data-image-description=\"\" data-image-caption=\"\" data-medium-file=\"https:\/\/i0.wp.com\/www.camteam.fi\/wpskb\/wp-content\/uploads\/2024\/01\/sertifikaatti-2024-2.png?fit=212%2C300&amp;ssl=1\" data-large-file=\"https:\/\/i0.wp.com\/www.camteam.fi\/wpskb\/wp-content\/uploads\/2024\/01\/sertifikaatti-2024-2.png?fit=583%2C824&amp;ssl=1\" width=\"583\" height=\"824\" src=\"https:\/\/i0.wp.com\/www.camteam.fi\/wpskb\/wp-content\/uploads\/2024\/01\/sertifikaatti-2024-2.png?fit=583%2C824&amp;ssl=1\" class=\"attachment-full size-full wp-image-1556\" alt=\"\" srcset=\"https:\/\/i0.wp.com\/www.camteam.fi\/wpskb\/wp-content\/uploads\/2024\/01\/sertifikaatti-2024-2.png?w=583&amp;ssl=1 583w, https:\/\/i0.wp.com\/www.camteam.fi\/wpskb\/wp-content\/uploads\/2024\/01\/sertifikaatti-2024-2.png?resize=212%2C300&amp;ssl=1 212w\" sizes=\"(max-width: 583px) 100vw, 583px\" \/>\t\t\t\t\t\t\t\t\t\t\t\t\t\t\t<\/div>\n\t\t\t\t<\/div>\n\t\t\t\t<div class=\"elementor-element elementor-element-2167fc2 elementor-widget elementor-widget-image\" data-id=\"2167fc2\" data-element_type=\"widget\" data-e-type=\"widget\" data-widget_type=\"image.default\">\n\t\t\t\t<div class=\"elementor-widget-container\">\n\t\t\t\t\t\t\t\t\t\t\t\t\t\t\t<img decoding=\"async\" data-attachment-id=\"1554\" data-permalink=\"https:\/\/www.camteam.fi\/en\/laatu\/sertifikaatti-2024\/\" data-orig-file=\"https:\/\/i0.wp.com\/www.camteam.fi\/wpskb\/wp-content\/uploads\/2024\/01\/sertifikaatti-2024.png?fit=583%2C824&amp;ssl=1\" data-orig-size=\"583,824\" data-comments-opened=\"0\" data-image-meta=\"{&quot;aperture&quot;:&quot;0&quot;,&quot;credit&quot;:&quot;&quot;,&quot;camera&quot;:&quot;&quot;,&quot;caption&quot;:&quot;&quot;,&quot;created_timestamp&quot;:&quot;0&quot;,&quot;copyright&quot;:&quot;&quot;,&quot;focal_length&quot;:&quot;0&quot;,&quot;iso&quot;:&quot;0&quot;,&quot;shutter_speed&quot;:&quot;0&quot;,&quot;title&quot;:&quot;&quot;,&quot;orientation&quot;:&quot;0&quot;}\" data-image-title=\"sertifikaatti 2024\" data-image-description=\"\" data-image-caption=\"\" data-medium-file=\"https:\/\/i0.wp.com\/www.camteam.fi\/wpskb\/wp-content\/uploads\/2024\/01\/sertifikaatti-2024.png?fit=212%2C300&amp;ssl=1\" data-large-file=\"https:\/\/i0.wp.com\/www.camteam.fi\/wpskb\/wp-content\/uploads\/2024\/01\/sertifikaatti-2024.png?fit=583%2C824&amp;ssl=1\" width=\"583\" height=\"824\" src=\"https:\/\/i0.wp.com\/www.camteam.fi\/wpskb\/wp-content\/uploads\/2024\/01\/sertifikaatti-2024.png?fit=583%2C824&amp;ssl=1\" class=\"attachment-full size-full wp-image-1554\" alt=\"\" srcset=\"https:\/\/i0.wp.com\/www.camteam.fi\/wpskb\/wp-content\/uploads\/2024\/01\/sertifikaatti-2024.png?w=583&amp;ssl=1 583w, https:\/\/i0.wp.com\/www.camteam.fi\/wpskb\/wp-content\/uploads\/2024\/01\/sertifikaatti-2024.png?resize=212%2C300&amp;ssl=1 212w\" sizes=\"(max-width: 583px) 100vw, 583px\" \/>\t\t\t\t\t\t\t\t\t\t\t\t\t\t\t<\/div>\n\t\t\t\t<\/div>\n\t\t\t\t<\/div>\n\t\t\t\t\t<\/div>\n\t\t\t\t<\/div>\n\t\t<div class=\"elementor-element elementor-element-e1028f1 e-flex e-con-boxed e-con e-parent\" data-id=\"e1028f1\" data-element_type=\"container\" data-e-type=\"container\">\n\t\t\t\t\t<div class=\"e-con-inner\">\n\t\t\t\t<div class=\"elementor-element elementor-element-d635717 elementor-widget elementor-widget-spacer\" data-id=\"d635717\" data-element_type=\"widget\" data-e-type=\"widget\" data-widget_type=\"spacer.default\">\n\t\t\t\t<div class=\"elementor-widget-container\">\n\t\t\t\t\t\t\t<div class=\"elementor-spacer\">\n\t\t\t<div class=\"elementor-spacer-inner\"><\/div>\n\t\t<\/div>\n\t\t\t\t\t\t<\/div>\n\t\t\t\t<\/div>\n\t\t\t\t\t<\/div>\n\t\t\t\t<\/div>\n\t\t\t\t<\/div>","protected":false},"excerpt":{"rendered":"<p>Camteam &#8211; muoviosat &#8211; ruiskuvalu &#8211; monikomponentti &#8211; kaasuavusteinen ruiskupuristus &#8211; protosarjat<\/p>","protected":false},"author":1,"featured_media":0,"parent":0,"menu_order":0,"comment_status":"closed","ping_status":"closed","template":"","meta":{"jetpack_post_was_ever_published":false,"footnotes":""},"class_list":["post-215","page","type-page","status-publish","hentry"],"jetpack_sharing_enabled":false,"jetpack_shortlink":"https:\/\/wp.me\/PdMtA4-3t","jetpack_likes_enabled":true,"jetpack-related-posts":[{"id":1947,"url":"https:\/\/www.camteam.fi\/en\/blog-2\/","url_meta":{"origin":215,"position":0},"title":"Blogi T\u00e4\u00e4ll\u00e4 voit lukea Camteamin\u2026","author":"Master","date":"16th August 2024","format":false,"excerpt":"Blogi T\u00e4\u00e4ll\u00e4 voit lukea Camteamin tiedotteita. Messut l\u00e4hestyy 16th elokuu 2024 Kes\u00e4 l\u00e4hestyy loppuaan ja t\u00e4m\u00e4n my\u00f6t\u00e4 on j\u00e4lleen aika Alihankintamessujen! N\u00e4hd\u00e4\u00e4n ja rupatellaan tutulla osastolla C1052, odotamme teit\u00e4 innolla!... Read More Camteam \u2013 PlastExpo Nordic 2024 29th tammikuu 2024 Yrityksemme on mukana PlastExpo Nordic 2024 messuilla Helsingiss\u00e4 13.-14.3.2024. Tavataan\u2026","rel":"","context":"Similar post","block_context":{"text":"Similar post","link":""},"img":{"alt_text":"","src":"","width":0,"height":0},"classes":[]},{"id":1583,"url":"https:\/\/www.camteam.fi\/en\/global-styles\/","url_meta":{"origin":215,"position":1},"title":"Global Styles","author":"Master","date":"1st August 2024","format":false,"excerpt":"Global Styles Colors Fonts buttons This page previews Global Fonts and Colors for this Kit. Changes made in Site Settings will be displayed here. Global Colors SYSTEM Primary Secondary Body text accent custom BG kIt Blue Element Blue Light BG White Element Transparent Overlay bg Global Fonts SYSTEM Primaryabcd Secondaryabcd\u2026","rel":"","context":"Similar post","block_context":{"text":"Similar post","link":""},"img":{"alt_text":"","src":"","width":0,"height":0},"classes":[]}],"rttpg_featured_image_url":null,"rttpg_author":{"display_name":"Master","author_link":"https:\/\/www.camteam.fi\/en\/author\/camadmin\/"},"rttpg_comment":0,"rttpg_category":null,"rttpg_excerpt":"Camteam - muoviosat - ruiskuvalu - monikomponentti - kaasuavusteinen ruiskupuristus - protosarjat","_links":{"self":[{"href":"https:\/\/www.camteam.fi\/en\/wp-json\/wp\/v2\/pages\/215","targetHints":{"allow":["GET"]}}],"collection":[{"href":"https:\/\/www.camteam.fi\/en\/wp-json\/wp\/v2\/pages"}],"about":[{"href":"https:\/\/www.camteam.fi\/en\/wp-json\/wp\/v2\/types\/page"}],"author":[{"embeddable":true,"href":"https:\/\/www.camteam.fi\/en\/wp-json\/wp\/v2\/users\/1"}],"replies":[{"embeddable":true,"href":"https:\/\/www.camteam.fi\/en\/wp-json\/wp\/v2\/comments?post=215"}],"version-history":[{"count":32,"href":"https:\/\/www.camteam.fi\/en\/wp-json\/wp\/v2\/pages\/215\/revisions"}],"predecessor-version":[{"id":1929,"href":"https:\/\/www.camteam.fi\/en\/wp-json\/wp\/v2\/pages\/215\/revisions\/1929"}],"wp:attachment":[{"href":"https:\/\/www.camteam.fi\/en\/wp-json\/wp\/v2\/media?parent=215"}],"curies":[{"name":"wp","href":"https:\/\/api.w.org\/{rel}","templated":true}]}}