{"id":1947,"date":"2024-08-16T12:37:18","date_gmt":"2024-08-16T09:37:18","guid":{"rendered":"https:\/\/www.camteam.fi\/?page_id=1947"},"modified":"2024-09-25T14:58:30","modified_gmt":"2024-09-25T11:58:30","slug":"blog-2","status":"publish","type":"page","link":"https:\/\/www.camteam.fi\/en\/blog-2\/","title":{"rendered":""},"content":{"rendered":"<div data-elementor-type=\"wp-page\" data-elementor-id=\"1947\" class=\"elementor elementor-1947\">\n\t\t\t\t<div class=\"elementor-element elementor-element-573834d e-flex e-con-boxed e-con e-parent\" data-id=\"573834d\" data-element_type=\"container\" data-e-type=\"container\">\n\t\t\t\t\t<div class=\"e-con-inner\">\n\t\t\t\t<div class=\"elementor-element elementor-element-5661781 elementor-widget elementor-widget-heading\" data-id=\"5661781\" data-element_type=\"widget\" data-e-type=\"widget\" data-widget_type=\"heading.default\">\n\t\t\t\t<div class=\"elementor-widget-container\">\n\t\t\t\t\t<h2 class=\"elementor-heading-title elementor-size-default\">Blog<\/h2>\t\t\t\t<\/div>\n\t\t\t\t<\/div>\n\t\t\t\t\t<\/div>\n\t\t\t\t<\/div>\n\t\t<div class=\"elementor-element elementor-element-eda6c04 e-flex e-con-boxed e-con e-parent\" data-id=\"eda6c04\" data-element_type=\"container\" data-e-type=\"container\">\n\t\t\t\t\t<div class=\"e-con-inner\">\n\t\t\t\t<div class=\"elementor-element elementor-element-03b7192 elementor-widget elementor-widget-spacer\" data-id=\"03b7192\" data-element_type=\"widget\" data-e-type=\"widget\" data-widget_type=\"spacer.default\">\n\t\t\t\t<div class=\"elementor-widget-container\">\n\t\t\t\t\t\t\t<div class=\"elementor-spacer\">\n\t\t\t<div class=\"elementor-spacer-inner\"><\/div>\n\t\t<\/div>\n\t\t\t\t\t\t<\/div>\n\t\t\t\t<\/div>\n\t\t\t\t<div class=\"elementor-element elementor-element-1bf10a6 elementor-widget elementor-widget-text-editor\" data-id=\"1bf10a6\" data-element_type=\"widget\" data-e-type=\"widget\" data-widget_type=\"text-editor.default\">\n\t\t\t\t<div class=\"elementor-widget-container\">\n\t\t\t\t\t\t\t\t\t<h5>Welcome to Camteam blog!<\/h5>\t\t\t\t\t\t\t\t<\/div>\n\t\t\t\t<\/div>\n\t\t\t\t<div class=\"elementor-element elementor-element-86e38df elementor-widget elementor-widget-spacer\" data-id=\"86e38df\" data-element_type=\"widget\" data-e-type=\"widget\" data-widget_type=\"spacer.default\">\n\t\t\t\t<div class=\"elementor-widget-container\">\n\t\t\t\t\t\t\t<div class=\"elementor-spacer\">\n\t\t\t<div class=\"elementor-spacer-inner\"><\/div>\n\t\t<\/div>\n\t\t\t\t\t\t<\/div>\n\t\t\t\t<\/div>\n\t\t\t\t<div class=\"elementor-element elementor-element-2c23afa tpg-wrapper-align-center meta-visibility-show title_position_default title_hover_border_default title-default img_hover_animation_default meta_position_default readmore-btn-default-style grid-hover-overlay-type-always tpg-el-box-border-enable tpg-border-bottom-disable elementor-widget elementor-widget-tpg-grid-layout\" data-id=\"2c23afa\" data-element_type=\"widget\" data-e-type=\"widget\" data-widget_type=\"tpg-grid-layout.default\">\n\t\t\t\t<div class=\"elementor-widget-container\">\n\t\t\t\t\t\t\t<div class=\"rt-container-fluid rt-tpg-container tpg-el-main-wrapper clearfix grid-layout1-main\"\n\t\t\t id=\"rt-tpg-container-3251901515\"\n\t\t\t data-layout=\"grid-layout1\"\n\t\t\t data-grid-style=\"tpg-full-height\"\n\t\t\t data-sc-id=\"elementor\"\n\t\t\t data-el-settings=''\n\t\t\t data-el-query=''\n\t\t\t data-el-path=''\n\t\t>\n\t\t\t\t\t\t\t<div id=\"bottom-script-loader\" class=\"bottom-script-loader\">\n\t\t\t\t\t<div class=\"rt-ball-clip-rotate\">\n\t\t\t\t\t\t<div><\/div>\n\t\t\t\t\t<\/div>\n\t\t\t\t<\/div>\n\t\t\t\t\t\t\t<div class='tpg-header-wrapper'>\n\t\t\t\t\t\t\t<\/div>\n\n\t\t\t<div data-title=\"Loading ...\" class=\"rt-row rt-content-loader grid-layout1 grid-behaviour tpg-full-height grid_layout_wrapper\">\n\t\t\t\t<div class=\"rt-col-md-12 rt-col-sm-6 rt-col-xs-12 default rt-grid-item post-2260 post type-post status-publish format-standard hentry category-uncategorised\"        data-id=\"2260\">\n    <div class=\"rt-holder tpg-post-holder\">\n        <div class=\"rt-detail rt-el-content-wrapper\">\n\t\t\t                <div class=\"rt-img-holder tpg-el-image-wrap has-no-thumbnail\">\n\t\t\t\t\t<a data-id=\"2260\" href=\"https:\/\/www.camteam.fi\/en\/2025\/01\/22\/uusi-myyntipaallikko\/\" class=\"tpg-post-link\" target=\"_self\">\t\t\n\t\t<\/a>\n\t\t        <div class=\"overlay grid-hover-content\"><\/div>\n\t\t                <\/div>\n\t\t\t\n\t\t\t<div class=\"entry-title-wrapper\"><h3 class=\"entry-title\"><a data-id=\"2260\" href=\"https:\/\/www.camteam.fi\/en\/2025\/01\/22\/uusi-myyntipaallikko\/\" class=\"tpg-post-link\" target=\"_self\">Uusi myyntip\u00e4\u00e4llikk\u00f6<\/a><\/h3><\/div>\n\t\t\t                <div class=\"post-meta-tags rt-el-post-meta\">\n\t\t\t\t\t            <span class='date'>\n\t\t\t\t<i class='far fa-calendar-alt'><\/i>\t\t\t\t                    <a href=\"https:\/\/www.camteam.fi\/en\/2025\/01\/22\/\">\n\t\t\t\t\t22nd January 2025\t\t\t\t<\/a>\n\t\t\t\t\t\t\t<\/span>\n\t\t\t                <\/div>\n\t\t\t\n\n\t\t\t                <div class=\"tpg-excerpt tpg-el-excerpt\">\n\t\t\t\t\t                        <div class=\"tpg-excerpt-inner\">\n\t\t\t\t\t\t\tRisto Huoso on aloittanut 7.1.2025 Camteam Oy:n uutena myyntip\u00e4\u00e4llikk\u00f6n\u00e4. Ristolla on yli 20 vuoden kokemus teknologiateollisuudesta, erityisesti muoviteollisuuden tuotekehityksest\u00e4, muottien...                        <\/div>\n\t\t\t\t\t\t\t\t\t\t                <\/div>\n\t\t\t\n\t\t\t        <div class=\"post-footer\">\n            <div class=\"post-footer\">\n                <div class=\"read-more\">\n\t\t\t\t\t<a data-id=\"2260\" href=\"https:\/\/www.camteam.fi\/en\/2025\/01\/22\/uusi-myyntipaallikko\/\" class=\"tpg-post-link\" target=\"_self\">Read More<\/a>                <\/div>\n            <\/div>\n        <\/div>\n\t\t        <\/div>\n    <\/div>\n<\/div>\n<div class=\"rt-col-md-12 rt-col-sm-6 rt-col-xs-12 default rt-grid-item post-2053 post type-post status-publish format-standard hentry category-uncategorised\"        data-id=\"2053\">\n    <div class=\"rt-holder tpg-post-holder\">\n        <div class=\"rt-detail rt-el-content-wrapper\">\n\t\t\t                <div class=\"rt-img-holder tpg-el-image-wrap has-no-thumbnail\">\n\t\t\t\t\t<a data-id=\"2053\" href=\"https:\/\/www.camteam.fi\/en\/2024\/08\/16\/messut-lahestyy\/\" class=\"tpg-post-link\" target=\"_self\">\t\t\n\t\t<\/a>\n\t\t        <div class=\"overlay grid-hover-content\"><\/div>\n\t\t                <\/div>\n\t\t\t\n\t\t\t<div class=\"entry-title-wrapper\"><h3 class=\"entry-title\"><a data-id=\"2053\" href=\"https:\/\/www.camteam.fi\/en\/2024\/08\/16\/messut-lahestyy\/\" class=\"tpg-post-link\" target=\"_self\">Messut l\u00e4hestyy<\/a><\/h3><\/div>\n\t\t\t                <div class=\"post-meta-tags rt-el-post-meta\">\n\t\t\t\t\t            <span class='date'>\n\t\t\t\t<i class='far fa-calendar-alt'><\/i>\t\t\t\t                    <a href=\"https:\/\/www.camteam.fi\/en\/2024\/08\/16\/\">\n\t\t\t\t\t16th August 2024\t\t\t\t<\/a>\n\t\t\t\t\t\t\t<\/span>\n\t\t\t                <\/div>\n\t\t\t\n\n\t\t\t                <div class=\"tpg-excerpt tpg-el-excerpt\">\n\t\t\t\t\t                        <div class=\"tpg-excerpt-inner\">\n\t\t\t\t\t\t\tKes\u00e4 l\u00e4hestyy loppuaan ja t\u00e4m\u00e4n my\u00f6t\u00e4 on j\u00e4lleen aika Alihankintamessujen! N\u00e4hd\u00e4\u00e4n ja rupatellaan tutulla osastolla C1052, odotamme teit\u00e4 innolla!...                        <\/div>\n\t\t\t\t\t\t\t\t\t\t                <\/div>\n\t\t\t\n\t\t\t        <div class=\"post-footer\">\n            <div class=\"post-footer\">\n                <div class=\"read-more\">\n\t\t\t\t\t<a data-id=\"2053\" href=\"https:\/\/www.camteam.fi\/en\/2024\/08\/16\/messut-lahestyy\/\" class=\"tpg-post-link\" target=\"_self\">Read More<\/a>                <\/div>\n            <\/div>\n        <\/div>\n\t\t        <\/div>\n    <\/div>\n<\/div>\n<div class=\"rt-col-md-12 rt-col-sm-6 rt-col-xs-12 default rt-grid-item post-1576 post type-post status-publish format-standard hentry category-uncategorised\"        data-id=\"1576\">\n    <div class=\"rt-holder tpg-post-holder\">\n        <div class=\"rt-detail rt-el-content-wrapper\">\n\t\t\t                <div class=\"rt-img-holder tpg-el-image-wrap has-no-thumbnail\">\n\t\t\t\t\t<a data-id=\"1576\" href=\"https:\/\/www.camteam.fi\/en\/2024\/01\/29\/camteam-plastexpo-nordic-2024\/\" class=\"tpg-post-link\" target=\"_self\">\t\t\n\t\t<\/a>\n\t\t        <div class=\"overlay grid-hover-content\"><\/div>\n\t\t                <\/div>\n\t\t\t\n\t\t\t<div class=\"entry-title-wrapper\"><h3 class=\"entry-title\"><a data-id=\"1576\" href=\"https:\/\/www.camteam.fi\/en\/2024\/01\/29\/camteam-plastexpo-nordic-2024\/\" class=\"tpg-post-link\" target=\"_self\">Camteam &#8211; PlastExpo Nordic 2024<\/a><\/h3><\/div>\n\t\t\t                <div class=\"post-meta-tags rt-el-post-meta\">\n\t\t\t\t\t            <span class='date'>\n\t\t\t\t<i class='far fa-calendar-alt'><\/i>\t\t\t\t                    <a href=\"https:\/\/www.camteam.fi\/en\/2024\/01\/29\/\">\n\t\t\t\t\t29th January 2024\t\t\t\t<\/a>\n\t\t\t\t\t\t\t<\/span>\n\t\t\t                <\/div>\n\t\t\t\n\n\t\t\t                <div class=\"tpg-excerpt tpg-el-excerpt\">\n\t\t\t\t\t                        <div class=\"tpg-excerpt-inner\">\n\t\t\t\t\t\t\tYrityksemme on mukana PlastExpo Nordic 2024 messuilla Helsingiss\u00e4 13.-14.3.2024. Tavataan st\u00e4ndill\u00e4 3F29!...                        <\/div>\n\t\t\t\t\t\t\t\t\t\t                <\/div>\n\t\t\t\n\t\t\t        <div class=\"post-footer\">\n            <div class=\"post-footer\">\n                <div class=\"read-more\">\n\t\t\t\t\t<a data-id=\"1576\" href=\"https:\/\/www.camteam.fi\/en\/2024\/01\/29\/camteam-plastexpo-nordic-2024\/\" class=\"tpg-post-link\" target=\"_self\">Read More<\/a>                <\/div>\n            <\/div>\n        <\/div>\n\t\t        <\/div>\n    <\/div>\n<\/div>\n<div class=\"rt-col-md-12 rt-col-sm-6 rt-col-xs-12 default rt-grid-item post-1541 post type-post status-publish format-standard hentry category-uncategorised\"        data-id=\"1541\">\n    <div class=\"rt-holder tpg-post-holder\">\n        <div class=\"rt-detail rt-el-content-wrapper\">\n\t\t\t                <div class=\"rt-img-holder tpg-el-image-wrap has-no-thumbnail\">\n\t\t\t\t\t<a data-id=\"1541\" href=\"https:\/\/www.camteam.fi\/en\/2023\/08\/23\/tavataan-alihankinta-2023-messuilla\/\" class=\"tpg-post-link\" target=\"_self\">\t\t\n\t\t<\/a>\n\t\t        <div class=\"overlay grid-hover-content\"><\/div>\n\t\t                <\/div>\n\t\t\t\n\t\t\t<div class=\"entry-title-wrapper\"><h3 class=\"entry-title\"><a data-id=\"1541\" href=\"https:\/\/www.camteam.fi\/en\/2023\/08\/23\/tavataan-alihankinta-2023-messuilla\/\" class=\"tpg-post-link\" target=\"_self\">Tavataan Alihankinta 2023 -messuilla!<\/a><\/h3><\/div>\n\t\t\t                <div class=\"post-meta-tags rt-el-post-meta\">\n\t\t\t\t\t            <span class='date'>\n\t\t\t\t<i class='far fa-calendar-alt'><\/i>\t\t\t\t                    <a href=\"https:\/\/www.camteam.fi\/en\/2023\/08\/23\/\">\n\t\t\t\t\t23rd August 2023\t\t\t\t<\/a>\n\t\t\t\t\t\t\t<\/span>\n\t\t\t                <\/div>\n\t\t\t\n\n\t\t\t                <div class=\"tpg-excerpt tpg-el-excerpt\">\n\t\t\t\t\t                        <div class=\"tpg-excerpt-inner\">\n\t\t\t\t\t\t\tSyksy l\u00e4hestyy ja on taas aika tiedottaa Camteamin osallistumisesta Tampereen Alihankinta 2023 -messuille. Odotamme innolla uusien asiakkaiden ja yhteisty\u00f6kumppaniemme tapaamista aiemmilta vuosilta...                        <\/div>\n\t\t\t\t\t\t\t\t\t\t                <\/div>\n\t\t\t\n\t\t\t        <div class=\"post-footer\">\n            <div class=\"post-footer\">\n                <div class=\"read-more\">\n\t\t\t\t\t<a data-id=\"1541\" href=\"https:\/\/www.camteam.fi\/en\/2023\/08\/23\/tavataan-alihankinta-2023-messuilla\/\" class=\"tpg-post-link\" target=\"_self\">Read More<\/a>                <\/div>\n            <\/div>\n        <\/div>\n\t\t        <\/div>\n    <\/div>\n<\/div>\n<div class=\"rt-col-md-12 rt-col-sm-6 rt-col-xs-12 default rt-grid-item post-1535 post type-post status-publish format-standard hentry category-uncategorised\"        data-id=\"1535\">\n    <div class=\"rt-holder tpg-post-holder\">\n        <div class=\"rt-detail rt-el-content-wrapper\">\n\t\t\t                <div class=\"rt-img-holder tpg-el-image-wrap has-no-thumbnail\">\n\t\t\t\t\t<a data-id=\"1535\" href=\"https:\/\/www.camteam.fi\/en\/2023\/01\/26\/camteam-tyovaline-ja-muoviteollisuuden-neuvottelupaivilla\/\" class=\"tpg-post-link\" target=\"_self\">\t\t\n\t\t<\/a>\n\t\t        <div class=\"overlay grid-hover-content\"><\/div>\n\t\t                <\/div>\n\t\t\t\n\t\t\t<div class=\"entry-title-wrapper\"><h3 class=\"entry-title\"><a data-id=\"1535\" href=\"https:\/\/www.camteam.fi\/en\/2023\/01\/26\/camteam-tyovaline-ja-muoviteollisuuden-neuvottelupaivilla\/\" class=\"tpg-post-link\" target=\"_self\">Camteam Ty\u00f6v\u00e4line- ja Muoviteollisuuden Neuvottelup\u00e4ivill\u00e4<\/a><\/h3><\/div>\n\t\t\t                <div class=\"post-meta-tags rt-el-post-meta\">\n\t\t\t\t\t            <span class='date'>\n\t\t\t\t<i class='far fa-calendar-alt'><\/i>\t\t\t\t                    <a href=\"https:\/\/www.camteam.fi\/en\/2023\/01\/26\/\">\n\t\t\t\t\t26th January 2023\t\t\t\t<\/a>\n\t\t\t\t\t\t\t<\/span>\n\t\t\t                <\/div>\n\t\t\t\n\n\t\t\t                <div class=\"tpg-excerpt tpg-el-excerpt\">\n\t\t\t\t\t                        <div class=\"tpg-excerpt-inner\">\n\t\t\t\t\t\t\tCamteamin Matti Majavan spiikki kuultavavissa neuvottelup\u00e4ivill\u00e4. Katso alta ohjelmalista ja tule kuulolle!...                        <\/div>\n\t\t\t\t\t\t\t\t\t\t                <\/div>\n\t\t\t\n\t\t\t        <div class=\"post-footer\">\n            <div class=\"post-footer\">\n                <div class=\"read-more\">\n\t\t\t\t\t<a data-id=\"1535\" href=\"https:\/\/www.camteam.fi\/en\/2023\/01\/26\/camteam-tyovaline-ja-muoviteollisuuden-neuvottelupaivilla\/\" class=\"tpg-post-link\" target=\"_self\">Read More<\/a>                <\/div>\n            <\/div>\n        <\/div>\n\t\t        <\/div>\n    <\/div>\n<\/div>\n<div class=\"rt-col-md-12 rt-col-sm-6 rt-col-xs-12 default rt-grid-item post-1530 post type-post status-publish format-standard hentry category-uncategorised\"        data-id=\"1530\">\n    <div class=\"rt-holder tpg-post-holder\">\n        <div class=\"rt-detail rt-el-content-wrapper\">\n\t\t\t                <div class=\"rt-img-holder tpg-el-image-wrap has-no-thumbnail\">\n\t\t\t\t\t<a data-id=\"1530\" href=\"https:\/\/www.camteam.fi\/en\/2023\/01\/26\/camteam-tekniikka-talous-lehdessa\/\" class=\"tpg-post-link\" target=\"_self\">\t\t\n\t\t<\/a>\n\t\t        <div class=\"overlay grid-hover-content\"><\/div>\n\t\t                <\/div>\n\t\t\t\n\t\t\t<div class=\"entry-title-wrapper\"><h3 class=\"entry-title\"><a data-id=\"1530\" href=\"https:\/\/www.camteam.fi\/en\/2023\/01\/26\/camteam-tekniikka-talous-lehdessa\/\" class=\"tpg-post-link\" target=\"_self\">Camteam Tekniikka &#038; Talous -lehdess\u00e4<\/a><\/h3><\/div>\n\t\t\t                <div class=\"post-meta-tags rt-el-post-meta\">\n\t\t\t\t\t            <span class='date'>\n\t\t\t\t<i class='far fa-calendar-alt'><\/i>\t\t\t\t                    <a href=\"https:\/\/www.camteam.fi\/en\/2023\/01\/26\/\">\n\t\t\t\t\t26th January 2023\t\t\t\t<\/a>\n\t\t\t\t\t\t\t<\/span>\n\t\t\t                <\/div>\n\t\t\t\n\n\t\t\t                <div class=\"tpg-excerpt tpg-el-excerpt\">\n\t\t\t\t\t                        <div class=\"tpg-excerpt-inner\">\n\t\t\t\t\t\t\tLue tuore artikkeli alta!...                        <\/div>\n\t\t\t\t\t\t\t\t\t\t                <\/div>\n\t\t\t\n\t\t\t        <div class=\"post-footer\">\n            <div class=\"post-footer\">\n                <div class=\"read-more\">\n\t\t\t\t\t<a data-id=\"1530\" href=\"https:\/\/www.camteam.fi\/en\/2023\/01\/26\/camteam-tekniikka-talous-lehdessa\/\" class=\"tpg-post-link\" target=\"_self\">Read More<\/a>                <\/div>\n            <\/div>\n        <\/div>\n\t\t        <\/div>\n    <\/div>\n<\/div>\n<div class=\"rt-col-md-12 rt-col-sm-6 rt-col-xs-12 default rt-grid-item post-1527 post type-post status-publish format-standard hentry category-uncategorised\"        data-id=\"1527\">\n    <div class=\"rt-holder tpg-post-holder\">\n        <div class=\"rt-detail rt-el-content-wrapper\">\n\t\t\t                <div class=\"rt-img-holder tpg-el-image-wrap has-no-thumbnail\">\n\t\t\t\t\t<a data-id=\"1527\" href=\"https:\/\/www.camteam.fi\/en\/2022\/09\/09\/camteam-alihankinta-2022-messuilla\/\" class=\"tpg-post-link\" target=\"_self\">\t\t\n\t\t<\/a>\n\t\t        <div class=\"overlay grid-hover-content\"><\/div>\n\t\t                <\/div>\n\t\t\t\n\t\t\t<div class=\"entry-title-wrapper\"><h3 class=\"entry-title\"><a data-id=\"1527\" href=\"https:\/\/www.camteam.fi\/en\/2022\/09\/09\/camteam-alihankinta-2022-messuilla\/\" class=\"tpg-post-link\" target=\"_self\">Camteam Alihankinta 2022 -messuilla<\/a><\/h3><\/div>\n\t\t\t                <div class=\"post-meta-tags rt-el-post-meta\">\n\t\t\t\t\t            <span class='date'>\n\t\t\t\t<i class='far fa-calendar-alt'><\/i>\t\t\t\t                    <a href=\"https:\/\/www.camteam.fi\/en\/2022\/09\/09\/\">\n\t\t\t\t\t9th September 2022\t\t\t\t<\/a>\n\t\t\t\t\t\t\t<\/span>\n\t\t\t                <\/div>\n\t\t\t\n\n\t\t\t                <div class=\"tpg-excerpt tpg-el-excerpt\">\n\t\t\t\t\t                        <div class=\"tpg-excerpt-inner\">\n\t\t\t\t\t\t\tTaas on tullut syyskuu ja se tarkoittaa, ett\u00e4 olemme j\u00e4lleen nauttimassa messutunnelmasta Tampereen Alihankintamessuilla osastolla C1052. Tervetuloa rupattelemaan!...                        <\/div>\n\t\t\t\t\t\t\t\t\t\t                <\/div>\n\t\t\t\n\t\t\t        <div class=\"post-footer\">\n            <div class=\"post-footer\">\n                <div class=\"read-more\">\n\t\t\t\t\t<a data-id=\"1527\" href=\"https:\/\/www.camteam.fi\/en\/2022\/09\/09\/camteam-alihankinta-2022-messuilla\/\" class=\"tpg-post-link\" target=\"_self\">Read More<\/a>                <\/div>\n            <\/div>\n        <\/div>\n\t\t        <\/div>\n    <\/div>\n<\/div>\n<div class=\"rt-col-md-12 rt-col-sm-6 rt-col-xs-12 default rt-grid-item post-1459 post type-post status-publish format-standard hentry category-uncategorised\"        data-id=\"1459\">\n    <div class=\"rt-holder tpg-post-holder\">\n        <div class=\"rt-detail rt-el-content-wrapper\">\n\t\t\t                <div class=\"rt-img-holder tpg-el-image-wrap has-no-thumbnail\">\n\t\t\t\t\t<a data-id=\"1459\" href=\"https:\/\/www.camteam.fi\/en\/2021\/09\/27\/camteam-alihankintamessut-2021\/\" class=\"tpg-post-link\" target=\"_self\">\t\t\n\t\t<\/a>\n\t\t        <div class=\"overlay grid-hover-content\"><\/div>\n\t\t                <\/div>\n\t\t\t\n\t\t\t<div class=\"entry-title-wrapper\"><h3 class=\"entry-title\"><a data-id=\"1459\" href=\"https:\/\/www.camteam.fi\/en\/2021\/09\/27\/camteam-alihankintamessut-2021\/\" class=\"tpg-post-link\" target=\"_self\">Camteam &#038; Alihankintamessut 2021<\/a><\/h3><\/div>\n\t\t\t                <div class=\"post-meta-tags rt-el-post-meta\">\n\t\t\t\t\t            <span class='date'>\n\t\t\t\t<i class='far fa-calendar-alt'><\/i>\t\t\t\t                    <a href=\"https:\/\/www.camteam.fi\/en\/2021\/09\/27\/\">\n\t\t\t\t\t27th September 2021\t\t\t\t<\/a>\n\t\t\t\t\t\t\t<\/span>\n\t\t\t                <\/div>\n\t\t\t\n\n\t\t\t                <div class=\"tpg-excerpt tpg-el-excerpt\">\n\t\t\t\t\t                        <div class=\"tpg-excerpt-inner\">\n\t\t\t\t\t\t\tT\u00e4n\u00e4 vuonna p\u00e4\u00e4simme vihdoin nauttimaan oikeasta messutunnelmasta pandemiatilanteen aiheuttaman virtuaalimessuvuoden j\u00e4lkeen. Kiitos kaikille osastollamme vierailleille ja n\u00e4emme j\u00e4lleen ensi vuonna!...                        <\/div>\n\t\t\t\t\t\t\t\t\t\t                <\/div>\n\t\t\t\n\t\t\t        <div class=\"post-footer\">\n            <div class=\"post-footer\">\n                <div class=\"read-more\">\n\t\t\t\t\t<a data-id=\"1459\" href=\"https:\/\/www.camteam.fi\/en\/2021\/09\/27\/camteam-alihankintamessut-2021\/\" class=\"tpg-post-link\" target=\"_self\">Read More<\/a>                <\/div>\n            <\/div>\n        <\/div>\n\t\t        <\/div>\n    <\/div>\n<\/div>\n<div class=\"rt-col-md-12 rt-col-sm-6 rt-col-xs-12 default rt-grid-item post-1416 post type-post status-publish format-standard hentry category-uncategorised\"        data-id=\"1416\">\n    <div class=\"rt-holder tpg-post-holder\">\n        <div class=\"rt-detail rt-el-content-wrapper\">\n\t\t\t                <div class=\"rt-img-holder tpg-el-image-wrap has-no-thumbnail\">\n\t\t\t\t\t<a data-id=\"1416\" href=\"https:\/\/www.camteam.fi\/en\/2021\/08\/26\/varmuutta-ymparivuorokautiseen-ruiskupuristukseen\/\" class=\"tpg-post-link\" target=\"_self\">\t\t\n\t\t<\/a>\n\t\t        <div class=\"overlay grid-hover-content\"><\/div>\n\t\t                <\/div>\n\t\t\t\n\t\t\t<div class=\"entry-title-wrapper\"><h3 class=\"entry-title\"><a data-id=\"1416\" href=\"https:\/\/www.camteam.fi\/en\/2021\/08\/26\/varmuutta-ymparivuorokautiseen-ruiskupuristukseen\/\" class=\"tpg-post-link\" target=\"_self\">Varmuutta ymp\u00e4rivuorokautiseen ruiskupuristukseen<\/a><\/h3><\/div>\n\t\t\t                <div class=\"post-meta-tags rt-el-post-meta\">\n\t\t\t\t\t            <span class='date'>\n\t\t\t\t<i class='far fa-calendar-alt'><\/i>\t\t\t\t                    <a href=\"https:\/\/www.camteam.fi\/en\/2021\/08\/26\/\">\n\t\t\t\t\t26th August 2021\t\t\t\t<\/a>\n\t\t\t\t\t\t\t<\/span>\n\t\t\t                <\/div>\n\t\t\t\n\n\t\t\t                <div class=\"tpg-excerpt tpg-el-excerpt\">\n\t\t\t\t\t                        <div class=\"tpg-excerpt-inner\">\n\t\t\t\t\t\t\tCamteam on alkuvuonna 2021 investoinut laitteisiin ja ohjelmistoihin, joilla varmistetaan aiempaa korkeampi laatu sek\u00e4 miehitt\u00e4m\u00e4t\u00f6n tuotanto y\u00f6aikaan.Kes\u00e4ll\u00e4 2021 Camteam on ottanut k\u00e4ytt\u00f6\u00f6ns\u00e4...                        <\/div>\n\t\t\t\t\t\t\t\t\t\t                <\/div>\n\t\t\t\n\t\t\t        <div class=\"post-footer\">\n            <div class=\"post-footer\">\n                <div class=\"read-more\">\n\t\t\t\t\t<a data-id=\"1416\" href=\"https:\/\/www.camteam.fi\/en\/2021\/08\/26\/varmuutta-ymparivuorokautiseen-ruiskupuristukseen\/\" class=\"tpg-post-link\" target=\"_self\">Read More<\/a>                <\/div>\n            <\/div>\n        <\/div>\n\t\t        <\/div>\n    <\/div>\n<\/div>\n\t\t\t<\/div>\n\t\t\t\n\t\t<\/div>\n\t\t\t\t\t\t<\/div>\n\t\t\t\t<\/div>\n\t\t\t\t\t<\/div>\n\t\t\t\t<\/div>\n\t\t\t\t<\/div>","protected":false},"excerpt":{"rendered":"<p>Blogi T\u00e4\u00e4ll\u00e4 voit lukea Camteamin tiedotteita. Messut l\u00e4hestyy 16th elokuu 2024 Kes\u00e4 l\u00e4hestyy loppuaan ja t\u00e4m\u00e4n my\u00f6t\u00e4 on j\u00e4lleen aika Alihankintamessujen! N\u00e4hd\u00e4\u00e4n ja rupatellaan tutulla osastolla C1052, odotamme teit\u00e4 innolla!&#8230; Read More Camteam &#8211; PlastExpo Nordic 2024 29th tammikuu 2024 Yrityksemme on mukana PlastExpo Nordic 2024 messuilla Helsingiss\u00e4 13.-14.3.2024. Tavataan st\u00e4ndill\u00e4 3F29!&#8230; Read More Tavataan [&hellip;]<\/p>\n","protected":false},"author":1,"featured_media":0,"parent":0,"menu_order":0,"comment_status":"closed","ping_status":"closed","template":"","meta":{"jetpack_post_was_ever_published":false,"footnotes":""},"class_list":["post-1947","page","type-page","status-publish","hentry"],"jetpack_sharing_enabled":true,"jetpack_shortlink":"https:\/\/wp.me\/PdMtA4-vp","jetpack_likes_enabled":true,"jetpack-related-posts":[{"id":215,"url":"https:\/\/www.camteam.fi\/en\/laatu\/","url_meta":{"origin":1947,"position":0},"title":"Laatusertifikaatit Laatu- ja ymp\u00e4rist\u00f6politiikka (ISO\u2026","author":"Master","date":"10th October 2017","format":false,"excerpt":"Camteam - muoviosat - ruiskuvalu - monikomponentti - kaasuavusteinen ruiskupuristus - protosarjat","rel":"","context":"Similar post","block_context":{"text":"Similar post","link":""},"img":{"alt_text":"","src":"https:\/\/i0.wp.com\/www.camteam.fi\/wpskb\/wp-content\/uploads\/2024\/01\/sertifikaatti-2024-2.png?resize=350%2C200&ssl=1","width":350,"height":200,"srcset":"https:\/\/i0.wp.com\/www.camteam.fi\/wpskb\/wp-content\/uploads\/2024\/01\/sertifikaatti-2024-2.png?resize=350%2C200&ssl=1 1x, https:\/\/i0.wp.com\/www.camteam.fi\/wpskb\/wp-content\/uploads\/2024\/01\/sertifikaatti-2024-2.png?resize=525%2C300&ssl=1 1.5x"},"classes":[]},{"id":1583,"url":"https:\/\/www.camteam.fi\/en\/global-styles\/","url_meta":{"origin":1947,"position":1},"title":"Global Styles","author":"Master","date":"1st August 2024","format":false,"excerpt":"Global Styles Colors Fonts buttons This page previews Global Fonts and Colors for this Kit. Changes made in Site Settings will be displayed here. Global Colors SYSTEM Primary Secondary Body text accent custom BG kIt Blue Element Blue Light BG White Element Transparent Overlay bg Global Fonts SYSTEM Primaryabcd Secondaryabcd\u2026","rel":"","context":"Similar post","block_context":{"text":"Similar post","link":""},"img":{"alt_text":"","src":"","width":0,"height":0},"classes":[]}],"rttpg_featured_image_url":null,"rttpg_author":{"display_name":"Master","author_link":"https:\/\/www.camteam.fi\/en\/author\/camadmin\/"},"rttpg_comment":0,"rttpg_category":"","rttpg_excerpt":"Blogi T\u00e4\u00e4ll\u00e4 voit lukea Camteamin tiedotteita. Messut l\u00e4hestyy 16th elokuu 2024 Kes\u00e4 l\u00e4hestyy loppuaan ja t\u00e4m\u00e4n my\u00f6t\u00e4 on j\u00e4lleen aika Alihankintamessujen! N\u00e4hd\u00e4\u00e4n ja rupatellaan tutulla osastolla C1052, odotamme teit\u00e4 innolla!&#8230; Read More Camteam &#8211; PlastExpo Nordic 2024 29th tammikuu 2024 Yrityksemme on mukana PlastExpo Nordic 2024 messuilla Helsingiss\u00e4 13.-14.3.2024. Tavataan st\u00e4ndill\u00e4 3F29!&#8230; Read More Tavataan&hellip;","_links":{"self":[{"href":"https:\/\/www.camteam.fi\/en\/wp-json\/wp\/v2\/pages\/1947","targetHints":{"allow":["GET"]}}],"collection":[{"href":"https:\/\/www.camteam.fi\/en\/wp-json\/wp\/v2\/pages"}],"about":[{"href":"https:\/\/www.camteam.fi\/en\/wp-json\/wp\/v2\/types\/page"}],"author":[{"embeddable":true,"href":"https:\/\/www.camteam.fi\/en\/wp-json\/wp\/v2\/users\/1"}],"replies":[{"embeddable":true,"href":"https:\/\/www.camteam.fi\/en\/wp-json\/wp\/v2\/comments?post=1947"}],"version-history":[{"count":53,"href":"https:\/\/www.camteam.fi\/en\/wp-json\/wp\/v2\/pages\/1947\/revisions"}],"predecessor-version":[{"id":2075,"href":"https:\/\/www.camteam.fi\/en\/wp-json\/wp\/v2\/pages\/1947\/revisions\/2075"}],"wp:attachment":[{"href":"https:\/\/www.camteam.fi\/en\/wp-json\/wp\/v2\/media?parent=1947"}],"curies":[{"name":"wp","href":"https:\/\/api.w.org\/{rel}","templated":true}]}}