{"id":168,"date":"2017-10-09T10:48:34","date_gmt":"2017-10-09T10:48:34","guid":{"rendered":"https:\/\/camteamblog.wordpress.com\/?page_id=168"},"modified":"2023-11-27T13:51:09","modified_gmt":"2023-11-27T11:51:09","slug":"kokoonpano-ja-logistiikka","status":"publish","type":"page","link":"https:\/\/www.camteam.fi\/en\/palvelut\/kokoonpano-ja-logistiikka\/","title":{"rendered":"Kokoonpano ja Logistiikka"},"content":{"rendered":"<h1>Vaatiiko tuotantosi tehokkuutta my\u00f6s toimittajaltasi?<\/h1>\n<p><strong>Toimitamme sinulle osat tarvittaessa p\u00e4ivitt\u00e4in, suoraan tuotantolinjalle LEAN-periaatteen mukaisesti.<\/strong><\/p>\n<div style=\"float: left; width: 60%;\">\n<p>Tuemme yrityksesi LEAN-filosofian mukaisia tavoitteita. Toimitamme osia jopa 2 p\u00e4iv\u00e4n toimitusajalla, asiakkaan vaatimuksen mukaisesti. Tarjoamme varastointi- ja toimituspalveluita. Sopimuksen mukaan, varastoimme tuotteet itse omaan varastoomme toimituseri\u00e4 vastaavasti. Tuotannon j\u00e4lkeinen osien mittaus, osakokoonpano, osien painatus, maalaus, muu j\u00e4lkik\u00e4sittely ja pakkaaminen toteutetaan asiakkaan ohjeiden sek\u00e4 omien laatuvaatimustemme mukaisesti. Toimitus tapahtuu haluttuna aikana pyydettyyn toimitusosoitteeseen, joko asiakkaan tai yrityksemme kuljetussopimuksin. Toimitamme tuotteita asiakkaillemme ja heid\u00e4n sopimusvalmistajilleen Suomen lis\u00e4ksi muualle Eurooppaan ja Aasiaan. Seuraamme toimitusvarmuuttamme jatkuvasti. Asiakastyytyv\u00e4isyyden ohella se on t\u00e4rkeimpi\u00e4 toimintamme mittareita.<\/p>\n<\/div>\n<div style=\"float: left; width: 40%;\"><img data-recalc-dims=\"1\" fetchpriority=\"high\" decoding=\"async\" data-attachment-id=\"703\" data-permalink=\"https:\/\/www.camteam.fi\/en\/palvelut\/kokoonpano-ja-logistiikka\/img_6565\/\" data-orig-file=\"https:\/\/i0.wp.com\/www.camteam.fi\/wpskb\/wp-content\/uploads\/2017\/10\/IMG_6565.jpg?fit=4032%2C3024&amp;ssl=1\" data-orig-size=\"4032,3024\" data-comments-opened=\"0\" data-image-meta=\"{&quot;aperture&quot;:&quot;1.8&quot;,&quot;credit&quot;:&quot;&quot;,&quot;camera&quot;:&quot;iPhone 7 Plus&quot;,&quot;caption&quot;:&quot;&quot;,&quot;created_timestamp&quot;:&quot;1510137640&quot;,&quot;copyright&quot;:&quot;&quot;,&quot;focal_length&quot;:&quot;3.99&quot;,&quot;iso&quot;:&quot;25&quot;,&quot;shutter_speed&quot;:&quot;0.02&quot;,&quot;title&quot;:&quot;&quot;,&quot;orientation&quot;:&quot;1&quot;}\" data-image-title=\"IMG_6565\" data-image-description=\"\" data-image-caption=\"\" data-medium-file=\"https:\/\/i0.wp.com\/www.camteam.fi\/wpskb\/wp-content\/uploads\/2017\/10\/IMG_6565.jpg?fit=300%2C225&amp;ssl=1\" data-large-file=\"https:\/\/i0.wp.com\/www.camteam.fi\/wpskb\/wp-content\/uploads\/2017\/10\/IMG_6565.jpg?fit=800%2C600&amp;ssl=1\" class=\"alignnone size-medium wp-image-703\" src=\"https:\/\/i0.wp.com\/www.camteam.fi\/wpskb\/wp-content\/uploads\/2017\/10\/IMG_6565-300x225.jpg?resize=400%2C325\" alt=\"\" width=\"400\" height=\"325\" \/><br \/>\n<img data-recalc-dims=\"1\" decoding=\"async\" data-attachment-id=\"704\" data-permalink=\"https:\/\/www.camteam.fi\/en\/palvelut\/kokoonpano-ja-logistiikka\/img_6566\/\" data-orig-file=\"https:\/\/i0.wp.com\/www.camteam.fi\/wpskb\/wp-content\/uploads\/2017\/10\/IMG_6566.jpg?fit=4032%2C3024&amp;ssl=1\" data-orig-size=\"4032,3024\" data-comments-opened=\"0\" data-image-meta=\"{&quot;aperture&quot;:&quot;1.8&quot;,&quot;credit&quot;:&quot;&quot;,&quot;camera&quot;:&quot;iPhone 7 Plus&quot;,&quot;caption&quot;:&quot;&quot;,&quot;created_timestamp&quot;:&quot;1510137697&quot;,&quot;copyright&quot;:&quot;&quot;,&quot;focal_length&quot;:&quot;3.99&quot;,&quot;iso&quot;:&quot;32&quot;,&quot;shutter_speed&quot;:&quot;0.058823529411765&quot;,&quot;title&quot;:&quot;&quot;,&quot;orientation&quot;:&quot;1&quot;}\" data-image-title=\"IMG_6566\" data-image-description=\"\" data-image-caption=\"\" data-medium-file=\"https:\/\/i0.wp.com\/www.camteam.fi\/wpskb\/wp-content\/uploads\/2017\/10\/IMG_6566.jpg?fit=300%2C225&amp;ssl=1\" data-large-file=\"https:\/\/i0.wp.com\/www.camteam.fi\/wpskb\/wp-content\/uploads\/2017\/10\/IMG_6566.jpg?fit=800%2C600&amp;ssl=1\" class=\"alignnone size-medium wp-image-704\" src=\"https:\/\/i0.wp.com\/www.camteam.fi\/wpskb\/wp-content\/uploads\/2017\/10\/IMG_6566-300x225.jpg?resize=400%2C325\" alt=\"\" width=\"400\" height=\"325\" \/><\/div>","protected":false},"excerpt":{"rendered":"<p>Camteam &#8211; muoviosat &#8211; ruiskuvalu &#8211; monikomponentti &#8211; kaasuavusteinen ruiskupuristus &#8211; protosarjat<\/p>","protected":false},"author":1,"featured_media":0,"parent":110,"menu_order":0,"comment_status":"closed","ping_status":"closed","template":"","meta":{"jetpack_post_was_ever_published":false,"footnotes":""},"class_list":["post-168","page","type-page","status-publish","hentry"],"jetpack_sharing_enabled":false,"jetpack_shortlink":"https:\/\/wp.me\/PdMtA4-2I","jetpack_likes_enabled":true,"jetpack-related-posts":[{"id":1604,"url":"https:\/\/www.camteam.fi\/en\/our-story\/","url_meta":{"origin":168,"position":0},"title":"Our Story","author":"Master","date":"1st August 2024","format":false,"excerpt":"Historia 1991-2026 Tarinamme Kaarinassa toimi 1982-1991 Plastic Tool Oy -niminen yritys, joka oli salolaisen Saloplast Oy:n ty\u00f6kaluyksikk\u00f6. Plastic Tool valmisti ja huolsi ruiskupuristusmuotteja massatuotantoa varten. Suhdanteiden heikentyess\u00e4 Saloplast p\u00e4\u00e4tti ajaa yksik\u00f6n alas vuonna 1991, jolloin kuusi sen ty\u00f6ntekij\u00e4\u00e4 osti yrityksen liiketoiminnan ja perustettiin Camteam Oy. Nimi keksittiin kun suunnitteluprosessissa keskeist\u00e4\u2026","rel":"","context":"Similar post","block_context":{"text":"Similar post","link":""},"img":{"alt_text":"","src":"","width":0,"height":0},"classes":[]},{"id":1593,"url":"https:\/\/www.camteam.fi\/en\/our-services\/","url_meta":{"origin":168,"position":1},"title":"Our Services","author":"Master","date":"1st August 2024","format":false,"excerpt":"Palvelut. T\u00e4ll\u00e4 sivulla voit tutustua kaikkiin tarjoamiimme palveluihin. Muottivalmistus Valmistamme t\u00e4\u00e4ll\u00e4 Kaarinassa muotteja satojen muottien kokemuksella. Muottisuunnittelu Alan johtavat ohjelmistot yhdistettyn\u00e4 suunnittelijoimme kokemukseen mahdollistavat korkealuokkaiset muotit. Ruiskupuristaminen Puristamme 1-, 2- ja 3-komponenttituotteet it\u00e4valtaisilla Engel-ruiskuvalukoneillamme.\u00a0 Analysointi Moldflow-ohjelmistolla varmistamme, ett\u00e4 tuotteesta on mahdollista saada juuri vaatimusten mukainen.\u00a0 Tuotesuunnittelu Tied\u00e4mme mit\u00e4 muovituotteilta vaaditaan,\u2026","rel":"","context":"Similar post","block_context":{"text":"Similar post","link":""},"img":{"alt_text":"","src":"https:\/\/i0.wp.com\/www.camteam.fi\/wpskb\/wp-content\/uploads\/2024\/08\/IMG_9460-e1723108147652.png?resize=350%2C200&ssl=1","width":350,"height":200,"srcset":"https:\/\/i0.wp.com\/www.camteam.fi\/wpskb\/wp-content\/uploads\/2024\/08\/IMG_9460-e1723108147652.png?resize=350%2C200&ssl=1 1x, https:\/\/i0.wp.com\/www.camteam.fi\/wpskb\/wp-content\/uploads\/2024\/08\/IMG_9460-e1723108147652.png?resize=525%2C300&ssl=1 1.5x, https:\/\/i0.wp.com\/www.camteam.fi\/wpskb\/wp-content\/uploads\/2024\/08\/IMG_9460-e1723108147652.png?resize=700%2C400&ssl=1 2x, https:\/\/i0.wp.com\/www.camteam.fi\/wpskb\/wp-content\/uploads\/2024\/08\/IMG_9460-e1723108147652.png?resize=1050%2C600&ssl=1 3x, https:\/\/i0.wp.com\/www.camteam.fi\/wpskb\/wp-content\/uploads\/2024\/08\/IMG_9460-e1723108147652.png?resize=1400%2C800&ssl=1 4x"},"classes":[]},{"id":1608,"url":"https:\/\/www.camteam.fi\/en\/","url_meta":{"origin":168,"position":2},"title":"Etusivu","author":"Master","date":"1st August 2024","format":false,"excerpt":"Luotettava muovikumppanisi Jo vuodesta 1991 Ota yhteytt\u00e4 Miten edet\u00e4\u00e4n? Olemme t\u00e4\u00e4ll\u00e4 tarpeitasi varten, mit\u00e4 ikin\u00e4 muovituotteesi vaatiikaan. AlkupalaveriProjekti alkaa kunnollisella tutustumisella ideaan tai tuotteeseen. Mentoroimme asiakkaitamme tarpeen mukaan. SuunnitteluSuunnittelemme ja analysoimme tuotteen ja\/tai ruiskupuristusmuotin vuosien kokemuksella. ValmistusLastu lent\u00e4m\u00e4\u00e4n! Muottivalmistuksen jokainen vaihe tapahtuu meill\u00e4 Kaarinassa. Kauttamme my\u00f6s muottihankinta yhteisty\u00f6kumppaneiltamme. J\u00e4lkik\u00e4sittelyRuiskupuristettu tuote\u2026","rel":"","context":"Similar post","block_context":{"text":"Similar post","link":""},"img":{"alt_text":"","src":"https:\/\/i0.wp.com\/www.camteam.fi\/wpskb\/wp-content\/uploads\/2025\/09\/Nayttokuva_23-9-2025_203357_.jpeg?resize=350%2C200&ssl=1","width":350,"height":200,"srcset":"https:\/\/i0.wp.com\/www.camteam.fi\/wpskb\/wp-content\/uploads\/2025\/09\/Nayttokuva_23-9-2025_203357_.jpeg?resize=350%2C200&ssl=1 1x, https:\/\/i0.wp.com\/www.camteam.fi\/wpskb\/wp-content\/uploads\/2025\/09\/Nayttokuva_23-9-2025_203357_.jpeg?resize=525%2C300&ssl=1 1.5x, https:\/\/i0.wp.com\/www.camteam.fi\/wpskb\/wp-content\/uploads\/2025\/09\/Nayttokuva_23-9-2025_203357_.jpeg?resize=700%2C400&ssl=1 2x"},"classes":[]},{"id":7,"url":"https:\/\/www.camteam.fi\/en\/palvelut\/about\/","url_meta":{"origin":168,"position":3},"title":"Kumppanuus","author":"Master","date":"5th October 2017","format":false,"excerpt":"Camteam - muoviosat - ruiskuvalu - monikomponentti - kaasuavusteinen ruiskupuristus - protosarjat","rel":"","context":"Similar post","block_context":{"text":"Similar post","link":""},"img":{"alt_text":"prosessi","src":"https:\/\/i0.wp.com\/www.camteam.fi\/wpskb\/wp-content\/uploads\/2017\/10\/prosessi.jpg?resize=350%2C200","width":350,"height":200,"srcset":"https:\/\/i0.wp.com\/www.camteam.fi\/wpskb\/wp-content\/uploads\/2017\/10\/prosessi.jpg?resize=350%2C200 1x, https:\/\/i0.wp.com\/www.camteam.fi\/wpskb\/wp-content\/uploads\/2017\/10\/prosessi.jpg?resize=525%2C300 1.5x"},"classes":[]},{"id":215,"url":"https:\/\/www.camteam.fi\/en\/laatu\/","url_meta":{"origin":168,"position":4},"title":"Laatusertifikaatit Laatu- ja ymp\u00e4rist\u00f6politiikka (ISO\u2026","author":"Master","date":"10th October 2017","format":false,"excerpt":"Camteam - muoviosat - ruiskuvalu - monikomponentti - kaasuavusteinen ruiskupuristus - protosarjat","rel":"","context":"Similar post","block_context":{"text":"Similar post","link":""},"img":{"alt_text":"","src":"https:\/\/i0.wp.com\/www.camteam.fi\/wpskb\/wp-content\/uploads\/2024\/01\/sertifikaatti-2024-2.png?resize=350%2C200&ssl=1","width":350,"height":200,"srcset":"https:\/\/i0.wp.com\/www.camteam.fi\/wpskb\/wp-content\/uploads\/2024\/01\/sertifikaatti-2024-2.png?resize=350%2C200&ssl=1 1x, https:\/\/i0.wp.com\/www.camteam.fi\/wpskb\/wp-content\/uploads\/2024\/01\/sertifikaatti-2024-2.png?resize=525%2C300&ssl=1 1.5x"},"classes":[]},{"id":176,"url":"https:\/\/www.camteam.fi\/en\/referenssit\/","url_meta":{"origin":168,"position":5},"title":"Referenssit","author":"Master","date":"9th October 2017","format":false,"excerpt":"Camteam - muoviosat - ruiskuvalu - monikomponentti - kaasuavusteinen ruiskupuristus - protosarjat","rel":"","context":"Similar post","block_context":{"text":"Similar post","link":""},"img":{"alt_text":"","src":"https:\/\/i0.wp.com\/www.camteam.fi\/wpskb\/wp-content\/uploads\/2024\/01\/Kaikki-Logot-1.png?resize=350%2C200&ssl=1","width":350,"height":200,"srcset":"https:\/\/i0.wp.com\/www.camteam.fi\/wpskb\/wp-content\/uploads\/2024\/01\/Kaikki-Logot-1.png?resize=350%2C200&ssl=1 1x, https:\/\/i0.wp.com\/www.camteam.fi\/wpskb\/wp-content\/uploads\/2024\/01\/Kaikki-Logot-1.png?resize=525%2C300&ssl=1 1.5x, https:\/\/i0.wp.com\/www.camteam.fi\/wpskb\/wp-content\/uploads\/2024\/01\/Kaikki-Logot-1.png?resize=700%2C400&ssl=1 2x, https:\/\/i0.wp.com\/www.camteam.fi\/wpskb\/wp-content\/uploads\/2024\/01\/Kaikki-Logot-1.png?resize=1050%2C600&ssl=1 3x"},"classes":[]}],"rttpg_featured_image_url":null,"rttpg_author":{"display_name":"Master","author_link":"https:\/\/www.camteam.fi\/en\/author\/camadmin\/"},"rttpg_comment":0,"rttpg_category":null,"rttpg_excerpt":"Camteam - muoviosat - ruiskuvalu - monikomponentti - kaasuavusteinen ruiskupuristus - protosarjat","_links":{"self":[{"href":"https:\/\/www.camteam.fi\/en\/wp-json\/wp\/v2\/pages\/168","targetHints":{"allow":["GET"]}}],"collection":[{"href":"https:\/\/www.camteam.fi\/en\/wp-json\/wp\/v2\/pages"}],"about":[{"href":"https:\/\/www.camteam.fi\/en\/wp-json\/wp\/v2\/types\/page"}],"author":[{"embeddable":true,"href":"https:\/\/www.camteam.fi\/en\/wp-json\/wp\/v2\/users\/1"}],"replies":[{"embeddable":true,"href":"https:\/\/www.camteam.fi\/en\/wp-json\/wp\/v2\/comments?post=168"}],"version-history":[{"count":8,"href":"https:\/\/www.camteam.fi\/en\/wp-json\/wp\/v2\/pages\/168\/revisions"}],"predecessor-version":[{"id":1553,"href":"https:\/\/www.camteam.fi\/en\/wp-json\/wp\/v2\/pages\/168\/revisions\/1553"}],"up":[{"embeddable":true,"href":"https:\/\/www.camteam.fi\/en\/wp-json\/wp\/v2\/pages\/110"}],"wp:attachment":[{"href":"https:\/\/www.camteam.fi\/en\/wp-json\/wp\/v2\/media?parent=168"}],"curies":[{"name":"wp","href":"https:\/\/api.w.org\/{rel}","templated":true}]}}