{"id":1604,"date":"2024-08-01T12:40:00","date_gmt":"2024-08-01T09:40:00","guid":{"rendered":"https:\/\/www.camteam.fi\/our-story\/"},"modified":"2026-01-29T08:45:53","modified_gmt":"2026-01-29T06:45:53","slug":"our-story","status":"publish","type":"page","link":"https:\/\/www.camteam.fi\/en\/our-story\/","title":{"rendered":"Our Story"},"content":{"rendered":"<div data-elementor-type=\"wp-page\" data-elementor-id=\"1604\" class=\"elementor elementor-1604\">\n\t\t\t\t<div class=\"elementor-element elementor-element-47a8853c e-con-full e-flex e-con e-parent\" data-id=\"47a8853c\" data-element_type=\"container\" data-e-type=\"container\">\n\t\t<div class=\"elementor-element elementor-element-17565af1 e-con-full e-flex e-con e-child\" data-id=\"17565af1\" data-element_type=\"container\" data-e-type=\"container\" data-settings=\"{&quot;background_background&quot;:&quot;classic&quot;}\">\n\t\t\t\t<\/div>\n\t\t<div class=\"elementor-element elementor-element-8734fb e-con-full e-flex e-con e-child\" data-id=\"8734fb\" data-element_type=\"container\" data-e-type=\"container\">\n\t\t\t\t<div class=\"elementor-element elementor-element-12836e92 elementor-widget elementor-widget-heading\" data-id=\"12836e92\" data-element_type=\"widget\" data-e-type=\"widget\" data-widget_type=\"heading.default\">\n\t\t\t\t<div class=\"elementor-widget-container\">\n\t\t\t\t\t<h6 class=\"elementor-heading-title elementor-size-default\">Historia 1991-2026<\/h6>\t\t\t\t<\/div>\n\t\t\t\t<\/div>\n\t\t\t\t<div class=\"elementor-element elementor-element-3fd0410 elementor-invisible elementor-widget elementor-widget-heading\" data-id=\"3fd0410\" data-element_type=\"widget\" data-e-type=\"widget\" data-settings=\"{&quot;_animation&quot;:&quot;fadeInRight&quot;}\" data-widget_type=\"heading.default\">\n\t\t\t\t<div class=\"elementor-widget-container\">\n\t\t\t\t\t<h1 class=\"elementor-heading-title elementor-size-default\">Our Story<\/h1>\t\t\t\t<\/div>\n\t\t\t\t<\/div>\n\t\t\t\t<div class=\"elementor-element elementor-element-44c25b4 elementor-widget elementor-widget-spacer\" data-id=\"44c25b4\" data-element_type=\"widget\" data-e-type=\"widget\" data-widget_type=\"spacer.default\">\n\t\t\t\t<div class=\"elementor-widget-container\">\n\t\t\t\t\t\t\t<div class=\"elementor-spacer\">\n\t\t\t<div class=\"elementor-spacer-inner\"><\/div>\n\t\t<\/div>\n\t\t\t\t\t\t<\/div>\n\t\t\t\t<\/div>\n\t\t\t\t<div class=\"elementor-element elementor-element-662ba29b elementor-invisible elementor-widget elementor-widget-text-editor\" data-id=\"662ba29b\" data-element_type=\"widget\" data-e-type=\"widget\" data-settings=\"{&quot;_animation&quot;:&quot;fadeIn&quot;,&quot;_animation_delay&quot;:2000}\" data-widget_type=\"text-editor.default\">\n\t\t\t\t<div class=\"elementor-widget-container\">\n\t\t\t\t\t\t\t\t\t<p><strong>From 1982 to 1991, a company called Plastic Tool Oy operated in Kaarina, which was the tool unit of Saloplast Oy from Salo, Finland. The tool unit manufactured and maintained injection molds for mass production. As the business cycle weakened, Saloplast decided to shut down the unit in 1991, when six of its employees bought the company and Camteam Oy was founded. CAM was an important step of the design process and we, the entrepreneurs, were six close friends = team. We bought some injection molding machines and it was time for action.<\/strong><\/p><p><strong>We worked through the first busy year by making production molds. In 1992, Camteam jumped into the telecommunications business by producing injection-molded prototype plastic parts for mobile phones, for both Nokia and Benefon. It can be said that the first plastic parts for almost all mobile phones developed in Salo, Tampere and Oulu in the 90s were manufactured here in Kaarina. This constituted almost 90% of the entire company's turnover at that time. In the best years, more than 100 prototypes were made.<\/strong><\/p><p><strong>In the 90s, there also started to be a demand for the production of small series, because many big competing plastic companies were not interested in them. Camteam thus acquired a nice customer base and the operation expanded and the premises started getting small - it was time to find new facilites. In 1997, we found a property with plots on Rakentajantie, extensive renovations were made, and the same year we put the premises into use.<\/strong><\/p><p><strong>The entire 90s was a period of strong growth for Camteam. This was the period when mobile phones started getting 2-component plastic parts. Camteam jumped into this fast-moving development and in 1998 the company acquired the first 2-component injection molding machine. Since then, the company has invested more in this technology and in 2001 a 3-component injection molding machine was already put into production use.<\/strong><\/p><p><strong>Today, Camteam is one of Finland's leading multi-component suppliers. The company has more than 30 years of experience in the field. More than 150 different multi-component molds have been produced. Currently, there are around 50 different multi-component plastic parts in production. In 2010, a large 400 tonne 2-component injection molding machine was purchased and the production of large technical equipment boxes began.<\/strong><\/p><p><strong>Camteam's customers are mostly world-class companies. These include e.g. GE Healthcare, Oras, Beamex, KaVo Kerr, Vaisala, Mirion, Planmeca, Polar, Fiskars, Ensto, Nordic ID, etc. Most of the plastic parts produced by the company have ended up outside the borders of Finland by Camteam's customers.<\/strong><\/p><p><strong>Camteam has made significant investments to improve product development capabilities. The company acquired Autodesk's Moldflow software, which can be used to analyze the geometries of the plastic part and simulate its manufacturability and mold functionality in advance. In addition, Camteam has acquired the modern and efficient Siemens NX design software. With these tools, Camteam will be able to serve its customers even better in the future. In mold manufacturing, the machine base has been kept up-to-date and the size has been increased, when the biggest molds are the size of a small refrigerator and weigh several tons.<\/strong><\/p><p><strong>Sopimusvalmistajana oman varaston hankkiminen tuli ajankohtaiseksi ja 2015 tehdasta laajennettiin. Uutta varastotilaa tuli n. 500 neli\u00f6t\u00e4 lis\u00e4\u00e4. Samalla saneerattiin vanhat tuotantotilat v.2016 konekantaa j\u00e4lleen vahvistettiin ja tilattiin uusi 160 tn Engel ruiskuvalukone. Camteamin menestyksen takana on eritt\u00e4in osaava ja sitoutunut henkil\u00f6st\u00f6 ja heist\u00e4 suurin osa on ollut alalla koko ty\u00f6uransa ajan. N\u00e4in yhteenlaskettu kokemusaika on useita satoja vuosia. Varsinais-Suomen yritt\u00e4j\u00e4t valitsivatkin Camteamin vuoden yritt\u00e4j\u00e4ksi Kaarinassa 2015.<\/strong><\/p>\t\t\t\t\t\t\t\t<\/div>\n\t\t\t\t<\/div>\n\t\t\t\t<\/div>\n\t\t\t\t<\/div>\n\t\t<div class=\"elementor-element elementor-element-243b162b e-con-full e-flex e-con e-parent\" data-id=\"243b162b\" data-element_type=\"container\" data-e-type=\"container\">\n\t\t<div class=\"elementor-element elementor-element-46fd6c19 e-con-full e-flex e-con e-child\" data-id=\"46fd6c19\" data-element_type=\"container\" data-e-type=\"container\">\n\t\t\t\t<div class=\"elementor-element elementor-element-642346c5 elementor-invisible elementor-widget elementor-widget-heading\" data-id=\"642346c5\" data-element_type=\"widget\" data-e-type=\"widget\" data-settings=\"{&quot;_animation&quot;:&quot;fadeInLeft&quot;}\" data-widget_type=\"heading.default\">\n\t\t\t\t<div class=\"elementor-widget-container\">\n\t\t\t\t\t<h2 class=\"elementor-heading-title elementor-size-default\">The future is built today.<\/h2>\t\t\t\t<\/div>\n\t\t\t\t<\/div>\n\t\t\t\t<div class=\"elementor-element elementor-element-bd3fc0c elementor-widget elementor-widget-spacer\" data-id=\"bd3fc0c\" data-element_type=\"widget\" data-e-type=\"widget\" data-widget_type=\"spacer.default\">\n\t\t\t\t<div class=\"elementor-widget-container\">\n\t\t\t\t\t\t\t<div class=\"elementor-spacer\">\n\t\t\t<div class=\"elementor-spacer-inner\"><\/div>\n\t\t<\/div>\n\t\t\t\t\t\t<\/div>\n\t\t\t\t<\/div>\n\t\t\t\t<div class=\"elementor-element elementor-element-14575f6a elementor-widget__width-initial elementor-widget-mobile__width-inherit elementor-widget elementor-widget-text-editor\" data-id=\"14575f6a\" data-element_type=\"widget\" data-e-type=\"widget\" data-widget_type=\"text-editor.default\">\n\t\t\t\t<div class=\"elementor-widget-container\">\n\t\t\t\t\t\t\t\t\t<p>2010-luvulla investoimme tuntuvasti kilpailukykymme kehitt\u00e4miseen. Laajensimme ja saneeroimme tuotanto- ja varastotilamme pysty\u00e4ksemme paremmin vastaamaan lis\u00e4\u00e4ntyv\u00e4\u00e4n kysynt\u00e4\u00e4n sek\u00e4 asiakkaiden LEAN-tuotannon vaatimuksiin.<\/p><p>Olemme investoineet kone- ja laitekantaamme sek\u00e4 muottien ett\u00e4 muoviosien valmistuksen kehitt\u00e4miseen. Ruiskuvaluprosessin kehitt\u00e4miseksi olemme rakentaneet uuden muottien j\u00e4\u00e4hdytyslaitteiston ja uusineet typpilaitteiston kaasuavusteiseen ruiskuvaluun.<\/p><p>Our design and radiation software is constantly updated, which enables a small margin of error and quality that meets the requirements.<\/p>\t\t\t\t\t\t\t\t<\/div>\n\t\t\t\t<\/div>\n\t\t\t\t<\/div>\n\t\t<div class=\"elementor-element elementor-element-e1c9ce9 e-con-full e-flex e-con e-child\" data-id=\"e1c9ce9\" data-element_type=\"container\" data-e-type=\"container\" data-settings=\"{&quot;background_background&quot;:&quot;classic&quot;}\">\n\t\t\t\t<\/div>\n\t\t\t\t<\/div>\n\t\t<div class=\"elementor-element elementor-element-454aa4f5 e-flex e-con-boxed e-con e-parent\" data-id=\"454aa4f5\" data-element_type=\"container\" data-e-type=\"container\">\n\t\t\t\t\t<div class=\"e-con-inner\">\n\t\t\t\t<div class=\"elementor-element elementor-element-609f773c elementor-widget elementor-widget-heading\" data-id=\"609f773c\" data-element_type=\"widget\" data-e-type=\"widget\" data-widget_type=\"heading.default\">\n\t\t\t\t<div class=\"elementor-widget-container\">\n\t\t\t\t\t<h2 class=\"elementor-heading-title elementor-size-default\">Decades<\/h2>\t\t\t\t<\/div>\n\t\t\t\t<\/div>\n\t\t<div class=\"elementor-element elementor-element-4b6b586 e-con-full e-flex e-con e-child\" data-id=\"4b6b586\" data-element_type=\"container\" data-e-type=\"container\">\n\t\t<div class=\"elementor-element elementor-element-6aa6c5dc e-con-full e-flex e-con e-child\" data-id=\"6aa6c5dc\" data-element_type=\"container\" data-e-type=\"container\" data-settings=\"{&quot;background_background&quot;:&quot;classic&quot;}\">\n\t\t\t\t<div class=\"elementor-element elementor-element-38eb14e8 elementor-widget elementor-widget-heading\" data-id=\"38eb14e8\" data-element_type=\"widget\" data-e-type=\"widget\" data-widget_type=\"heading.default\">\n\t\t\t\t<div class=\"elementor-widget-container\">\n\t\t\t\t\t<h4 class=\"elementor-heading-title elementor-size-default\">1990s<\/h4>\t\t\t\t<\/div>\n\t\t\t\t<\/div>\n\t\t\t\t<div class=\"elementor-element elementor-element-7ea228fa elementor-widget-divider--view-line elementor-widget elementor-widget-divider\" data-id=\"7ea228fa\" data-element_type=\"widget\" data-e-type=\"widget\" data-widget_type=\"divider.default\">\n\t\t\t\t<div class=\"elementor-widget-container\">\n\t\t\t\t\t\t\t<div class=\"elementor-divider\">\n\t\t\t<span class=\"elementor-divider-separator\">\n\t\t\t\t\t\t<\/span>\n\t\t<\/div>\n\t\t\t\t\t\t<\/div>\n\t\t\t\t<\/div>\n\t\t\t\t<div class=\"elementor-element elementor-element-3c82ac01 elementor-widget elementor-widget-text-editor\" data-id=\"3c82ac01\" data-element_type=\"widget\" data-e-type=\"widget\" data-widget_type=\"text-editor.default\">\n\t\t\t\t<div class=\"elementor-widget-container\">\n\t\t\t\t\t\t\t\t\t<p>A memorable decade of hundreds of protomoulds.<\/p>\t\t\t\t\t\t\t\t<\/div>\n\t\t\t\t<\/div>\n\t\t\t\t<\/div>\n\t\t<div class=\"elementor-element elementor-element-689f8e89 e-con-full e-flex e-con e-child\" data-id=\"689f8e89\" data-element_type=\"container\" data-e-type=\"container\" data-settings=\"{&quot;background_background&quot;:&quot;classic&quot;}\">\n\t\t\t\t<div class=\"elementor-element elementor-element-d509a35 elementor-widget elementor-widget-heading\" data-id=\"d509a35\" data-element_type=\"widget\" data-e-type=\"widget\" data-widget_type=\"heading.default\">\n\t\t\t\t<div class=\"elementor-widget-container\">\n\t\t\t\t\t<h4 class=\"elementor-heading-title elementor-size-default\">2000s<\/h4>\t\t\t\t<\/div>\n\t\t\t\t<\/div>\n\t\t\t\t<div class=\"elementor-element elementor-element-43edb4eb elementor-widget-divider--view-line elementor-widget elementor-widget-divider\" data-id=\"43edb4eb\" data-element_type=\"widget\" data-e-type=\"widget\" data-widget_type=\"divider.default\">\n\t\t\t\t<div class=\"elementor-widget-container\">\n\t\t\t\t\t\t\t<div class=\"elementor-divider\">\n\t\t\t<span class=\"elementor-divider-separator\">\n\t\t\t\t\t\t<\/span>\n\t\t<\/div>\n\t\t\t\t\t\t<\/div>\n\t\t\t\t<\/div>\n\t\t\t\t<div class=\"elementor-element elementor-element-5b85cba elementor-widget elementor-widget-text-editor\" data-id=\"5b85cba\" data-element_type=\"widget\" data-e-type=\"widget\" data-widget_type=\"text-editor.default\">\n\t\t\t\t<div class=\"elementor-widget-container\">\n\t\t\t\t\t\t\t\t\t<p>Hurjia muottihaasteita ja kasvua kehittyv\u00e4ss\u00e4 maassa.<\/p>\t\t\t\t\t\t\t\t<\/div>\n\t\t\t\t<\/div>\n\t\t\t\t<\/div>\n\t\t<div class=\"elementor-element elementor-element-1b7d7832 e-con-full e-flex e-con e-child\" data-id=\"1b7d7832\" data-element_type=\"container\" data-e-type=\"container\" data-settings=\"{&quot;background_background&quot;:&quot;classic&quot;}\">\n\t\t\t\t<div class=\"elementor-element elementor-element-57b42908 elementor-widget elementor-widget-heading\" data-id=\"57b42908\" data-element_type=\"widget\" data-e-type=\"widget\" data-widget_type=\"heading.default\">\n\t\t\t\t<div class=\"elementor-widget-container\">\n\t\t\t\t\t<h4 class=\"elementor-heading-title elementor-size-default\">2010s<\/h4>\t\t\t\t<\/div>\n\t\t\t\t<\/div>\n\t\t\t\t<div class=\"elementor-element elementor-element-68e1194b elementor-widget-divider--view-line elementor-widget elementor-widget-divider\" data-id=\"68e1194b\" data-element_type=\"widget\" data-e-type=\"widget\" data-widget_type=\"divider.default\">\n\t\t\t\t<div class=\"elementor-widget-container\">\n\t\t\t\t\t\t\t<div class=\"elementor-divider\">\n\t\t\t<span class=\"elementor-divider-separator\">\n\t\t\t\t\t\t<\/span>\n\t\t<\/div>\n\t\t\t\t\t\t<\/div>\n\t\t\t\t<\/div>\n\t\t\t\t<div class=\"elementor-element elementor-element-45247fb7 elementor-widget elementor-widget-text-editor\" data-id=\"45247fb7\" data-element_type=\"widget\" data-e-type=\"widget\" data-widget_type=\"text-editor.default\">\n\t\t\t\t<div class=\"elementor-widget-container\">\n\t\t\t\t\t\t\t\t\t<p>Continuous updating of premises, equipment and systems to modern times.<\/p>\t\t\t\t\t\t\t\t<\/div>\n\t\t\t\t<\/div>\n\t\t\t\t<\/div>\n\t\t<div class=\"elementor-element elementor-element-5fa27416 e-con-full e-flex e-con e-child\" data-id=\"5fa27416\" data-element_type=\"container\" data-e-type=\"container\" data-settings=\"{&quot;background_background&quot;:&quot;classic&quot;}\">\n\t\t\t\t<div class=\"elementor-element elementor-element-3a759ff elementor-widget elementor-widget-heading\" data-id=\"3a759ff\" data-element_type=\"widget\" data-e-type=\"widget\" data-widget_type=\"heading.default\">\n\t\t\t\t<div class=\"elementor-widget-container\">\n\t\t\t\t\t<h4 class=\"elementor-heading-title elementor-size-default\">2020s<\/h4>\t\t\t\t<\/div>\n\t\t\t\t<\/div>\n\t\t\t\t<div class=\"elementor-element elementor-element-d83f3d9 elementor-widget-divider--view-line elementor-widget elementor-widget-divider\" data-id=\"d83f3d9\" data-element_type=\"widget\" data-e-type=\"widget\" data-widget_type=\"divider.default\">\n\t\t\t\t<div class=\"elementor-widget-container\">\n\t\t\t\t\t\t\t<div class=\"elementor-divider\">\n\t\t\t<span class=\"elementor-divider-separator\">\n\t\t\t\t\t\t<\/span>\n\t\t<\/div>\n\t\t\t\t\t\t<\/div>\n\t\t\t\t<\/div>\n\t\t\t\t<div class=\"elementor-element elementor-element-2681ab39 elementor-widget elementor-widget-text-editor\" data-id=\"2681ab39\" data-element_type=\"widget\" data-e-type=\"widget\" data-widget_type=\"text-editor.default\">\n\t\t\t\t<div class=\"elementor-widget-container\">\n\t\t\t\t\t\t\t\t\t<p>More young energy and future workers to the team.<\/p>\t\t\t\t\t\t\t\t<\/div>\n\t\t\t\t<\/div>\n\t\t\t\t<\/div>\n\t\t\t\t<\/div>\n\t\t\t\t\t<\/div>\n\t\t\t\t<\/div>\n\t\t<div class=\"elementor-element elementor-element-814bfda e-flex e-con-boxed e-con e-parent\" data-id=\"814bfda\" data-element_type=\"container\" data-e-type=\"container\">\n\t\t\t\t\t<div class=\"e-con-inner\">\n\t\t\t\t<div class=\"elementor-element elementor-element-6ad1949 elementor-widget elementor-widget-spacer\" data-id=\"6ad1949\" data-element_type=\"widget\" data-e-type=\"widget\" data-widget_type=\"spacer.default\">\n\t\t\t\t<div class=\"elementor-widget-container\">\n\t\t\t\t\t\t\t<div class=\"elementor-spacer\">\n\t\t\t<div class=\"elementor-spacer-inner\"><\/div>\n\t\t<\/div>\n\t\t\t\t\t\t<\/div>\n\t\t\t\t<\/div>\n\t\t\t\t<div class=\"elementor-element elementor-element-808ab5d elementor-widget elementor-widget-image\" data-id=\"808ab5d\" data-element_type=\"widget\" data-e-type=\"widget\" data-widget_type=\"image.default\">\n\t\t\t\t<div class=\"elementor-widget-container\">\n\t\t\t\t\t\t\t\t\t\t\t\t\t\t\t<img decoding=\"async\" src=\"https:\/\/i0.wp.com\/www.camteam.fi\/wpskb\/wp-content\/uploads\/2024\/08\/IMG_9446-e1724132505238.png?fit=1755%2C1039&#038;ssl=1\" title=\"IMG_9446\" alt=\"IMG_9446\" loading=\"lazy\" \/>\t\t\t\t\t\t\t\t\t\t\t\t\t\t\t<\/div>\n\t\t\t\t<\/div>\n\t\t\t\t\t<\/div>\n\t\t\t\t<\/div>\n\t\t\t\t<\/div>","protected":false},"excerpt":{"rendered":"<p>Historia 1991-2026 Tarinamme Kaarinassa toimi 1982-1991 Plastic Tool Oy -niminen yritys, joka oli salolaisen Saloplast Oy:n ty\u00f6kaluyksikk\u00f6. Plastic Tool valmisti ja huolsi ruiskupuristusmuotteja massatuotantoa varten. Suhdanteiden heikentyess\u00e4 Saloplast p\u00e4\u00e4tti ajaa yksik\u00f6n alas vuonna 1991, jolloin kuusi sen ty\u00f6ntekij\u00e4\u00e4 osti yrityksen liiketoiminnan ja perustettiin Camteam Oy. Nimi keksittiin kun suunnitteluprosessissa keskeist\u00e4 oli CAM ja yritt\u00e4jin\u00e4 kuusi [&hellip;]<\/p>\n","protected":false},"author":1,"featured_media":0,"parent":0,"menu_order":0,"comment_status":"closed","ping_status":"closed","template":"elementor_header_footer","meta":{"jetpack_post_was_ever_published":false,"footnotes":""},"class_list":["post-1604","page","type-page","status-publish","hentry"],"jetpack_sharing_enabled":true,"jetpack_shortlink":"https:\/\/wp.me\/PdMtA4-pS","jetpack_likes_enabled":true,"jetpack-related-posts":[{"id":1608,"url":"https:\/\/www.camteam.fi\/en\/","url_meta":{"origin":1604,"position":0},"title":"Etusivu","author":"Master","date":"1st August 2024","format":false,"excerpt":"Luotettava muovikumppanisi Jo vuodesta 1991 Ota yhteytt\u00e4 Miten edet\u00e4\u00e4n? Olemme t\u00e4\u00e4ll\u00e4 tarpeitasi varten, mit\u00e4 ikin\u00e4 muovituotteesi vaatiikaan. AlkupalaveriProjekti alkaa kunnollisella tutustumisella ideaan tai tuotteeseen. Mentoroimme asiakkaitamme tarpeen mukaan. SuunnitteluSuunnittelemme ja analysoimme tuotteen ja\/tai ruiskupuristusmuotin vuosien kokemuksella. ValmistusLastu lent\u00e4m\u00e4\u00e4n! Muottivalmistuksen jokainen vaihe tapahtuu meill\u00e4 Kaarinassa. Kauttamme my\u00f6s muottihankinta yhteisty\u00f6kumppaneiltamme. J\u00e4lkik\u00e4sittelyRuiskupuristettu tuote\u2026","rel":"","context":"Similar post","block_context":{"text":"Similar post","link":""},"img":{"alt_text":"","src":"https:\/\/i0.wp.com\/www.camteam.fi\/wpskb\/wp-content\/uploads\/2025\/09\/Nayttokuva_23-9-2025_203357_.jpeg?resize=350%2C200&ssl=1","width":350,"height":200,"srcset":"https:\/\/i0.wp.com\/www.camteam.fi\/wpskb\/wp-content\/uploads\/2025\/09\/Nayttokuva_23-9-2025_203357_.jpeg?resize=350%2C200&ssl=1 1x, https:\/\/i0.wp.com\/www.camteam.fi\/wpskb\/wp-content\/uploads\/2025\/09\/Nayttokuva_23-9-2025_203357_.jpeg?resize=525%2C300&ssl=1 1.5x, https:\/\/i0.wp.com\/www.camteam.fi\/wpskb\/wp-content\/uploads\/2025\/09\/Nayttokuva_23-9-2025_203357_.jpeg?resize=700%2C400&ssl=1 2x"},"classes":[]},{"id":176,"url":"https:\/\/www.camteam.fi\/en\/referenssit\/","url_meta":{"origin":1604,"position":1},"title":"Referenssit","author":"Master","date":"9th October 2017","format":false,"excerpt":"Camteam - muoviosat - ruiskuvalu - monikomponentti - kaasuavusteinen ruiskupuristus - protosarjat","rel":"","context":"Similar post","block_context":{"text":"Similar post","link":""},"img":{"alt_text":"","src":"https:\/\/i0.wp.com\/www.camteam.fi\/wpskb\/wp-content\/uploads\/2024\/01\/Kaikki-Logot-1.png?resize=350%2C200&ssl=1","width":350,"height":200,"srcset":"https:\/\/i0.wp.com\/www.camteam.fi\/wpskb\/wp-content\/uploads\/2024\/01\/Kaikki-Logot-1.png?resize=350%2C200&ssl=1 1x, https:\/\/i0.wp.com\/www.camteam.fi\/wpskb\/wp-content\/uploads\/2024\/01\/Kaikki-Logot-1.png?resize=525%2C300&ssl=1 1.5x, https:\/\/i0.wp.com\/www.camteam.fi\/wpskb\/wp-content\/uploads\/2024\/01\/Kaikki-Logot-1.png?resize=700%2C400&ssl=1 2x, https:\/\/i0.wp.com\/www.camteam.fi\/wpskb\/wp-content\/uploads\/2024\/01\/Kaikki-Logot-1.png?resize=1050%2C600&ssl=1 3x"},"classes":[]},{"id":215,"url":"https:\/\/www.camteam.fi\/en\/laatu\/","url_meta":{"origin":1604,"position":2},"title":"Laatusertifikaatit Laatu- ja ymp\u00e4rist\u00f6politiikka (ISO\u2026","author":"Master","date":"10th October 2017","format":false,"excerpt":"Camteam - muoviosat - ruiskuvalu - monikomponentti - kaasuavusteinen ruiskupuristus - protosarjat","rel":"","context":"Similar post","block_context":{"text":"Similar post","link":""},"img":{"alt_text":"","src":"https:\/\/i0.wp.com\/www.camteam.fi\/wpskb\/wp-content\/uploads\/2024\/01\/sertifikaatti-2024-2.png?resize=350%2C200&ssl=1","width":350,"height":200,"srcset":"https:\/\/i0.wp.com\/www.camteam.fi\/wpskb\/wp-content\/uploads\/2024\/01\/sertifikaatti-2024-2.png?resize=350%2C200&ssl=1 1x, https:\/\/i0.wp.com\/www.camteam.fi\/wpskb\/wp-content\/uploads\/2024\/01\/sertifikaatti-2024-2.png?resize=525%2C300&ssl=1 1.5x"},"classes":[]},{"id":1947,"url":"https:\/\/www.camteam.fi\/en\/blog-2\/","url_meta":{"origin":1604,"position":3},"title":"Blogi T\u00e4\u00e4ll\u00e4 voit lukea Camteamin\u2026","author":"Master","date":"16th August 2024","format":false,"excerpt":"Blogi T\u00e4\u00e4ll\u00e4 voit lukea Camteamin tiedotteita. Messut l\u00e4hestyy 16th elokuu 2024 Kes\u00e4 l\u00e4hestyy loppuaan ja t\u00e4m\u00e4n my\u00f6t\u00e4 on j\u00e4lleen aika Alihankintamessujen! N\u00e4hd\u00e4\u00e4n ja rupatellaan tutulla osastolla C1052, odotamme teit\u00e4 innolla!... Read More Camteam \u2013 PlastExpo Nordic 2024 29th tammikuu 2024 Yrityksemme on mukana PlastExpo Nordic 2024 messuilla Helsingiss\u00e4 13.-14.3.2024. Tavataan\u2026","rel":"","context":"Similar post","block_context":{"text":"Similar post","link":""},"img":{"alt_text":"","src":"","width":0,"height":0},"classes":[]},{"id":7,"url":"https:\/\/www.camteam.fi\/en\/palvelut\/about\/","url_meta":{"origin":1604,"position":4},"title":"Kumppanuus","author":"Master","date":"5th October 2017","format":false,"excerpt":"Camteam - muoviosat - ruiskuvalu - monikomponentti - kaasuavusteinen ruiskupuristus - protosarjat","rel":"","context":"Similar post","block_context":{"text":"Similar post","link":""},"img":{"alt_text":"prosessi","src":"https:\/\/i0.wp.com\/www.camteam.fi\/wpskb\/wp-content\/uploads\/2017\/10\/prosessi.jpg?resize=350%2C200","width":350,"height":200,"srcset":"https:\/\/i0.wp.com\/www.camteam.fi\/wpskb\/wp-content\/uploads\/2017\/10\/prosessi.jpg?resize=350%2C200 1x, https:\/\/i0.wp.com\/www.camteam.fi\/wpskb\/wp-content\/uploads\/2017\/10\/prosessi.jpg?resize=525%2C300 1.5x"},"classes":[]},{"id":1588,"url":"https:\/\/www.camteam.fi\/en\/contact-us\/","url_meta":{"origin":1604,"position":5},"title":"Contact Us","author":"Master","date":"1st August 2024","format":false,"excerpt":"Ota yhteytt\u00e4 Tehd\u00e4\u00e4n yhdess\u00e4 jotain hienoa! Vesa-Matti LuodeToimitusjohtaja+358 40 544 3271 RistoHuosoMyyntip\u00e4\u00e4llikk\u00f6+358 44 026 3896 Marko LaaksonenToimitukset+358 40 544 3275 Matti MajavaRuiskuvalu+358 40 067 3764 MatiasHeinil\u00e4Suunnittelu+358 45 867 2737 Osoite: Rakentajantie 32, 20780 Kaarina Olemme paikalla: Ma-Pe klo7.00-16.00 Olemme paikalla: +358 44 026 3896 Email: camteam@camteam.fi","rel":"","context":"Similar post","block_context":{"text":"Similar post","link":""},"img":{"alt_text":"","src":"https:\/\/i0.wp.com\/www.camteam.fi\/wpskb\/wp-content\/uploads\/2025\/09\/IMG_1542-scaled-e1758529792485.jpg?resize=350%2C200&ssl=1","width":350,"height":200,"srcset":"https:\/\/i0.wp.com\/www.camteam.fi\/wpskb\/wp-content\/uploads\/2025\/09\/IMG_1542-scaled-e1758529792485.jpg?resize=350%2C200&ssl=1 1x, https:\/\/i0.wp.com\/www.camteam.fi\/wpskb\/wp-content\/uploads\/2025\/09\/IMG_1542-scaled-e1758529792485.jpg?resize=525%2C300&ssl=1 1.5x, https:\/\/i0.wp.com\/www.camteam.fi\/wpskb\/wp-content\/uploads\/2025\/09\/IMG_1542-scaled-e1758529792485.jpg?resize=700%2C400&ssl=1 2x, https:\/\/i0.wp.com\/www.camteam.fi\/wpskb\/wp-content\/uploads\/2025\/09\/IMG_1542-scaled-e1758529792485.jpg?resize=1050%2C600&ssl=1 3x, https:\/\/i0.wp.com\/www.camteam.fi\/wpskb\/wp-content\/uploads\/2025\/09\/IMG_1542-scaled-e1758529792485.jpg?resize=1400%2C800&ssl=1 4x"},"classes":[]}],"rttpg_featured_image_url":null,"rttpg_author":{"display_name":"Master","author_link":"https:\/\/www.camteam.fi\/en\/author\/camadmin\/"},"rttpg_comment":0,"rttpg_category":null,"rttpg_excerpt":"Historia 1991-2026 Tarinamme Kaarinassa toimi 1982-1991 Plastic Tool Oy -niminen yritys, joka oli salolaisen Saloplast Oy:n ty\u00f6kaluyksikk\u00f6. Plastic Tool valmisti ja huolsi ruiskupuristusmuotteja massatuotantoa varten. Suhdanteiden heikentyess\u00e4 Saloplast p\u00e4\u00e4tti ajaa yksik\u00f6n alas vuonna 1991, jolloin kuusi sen ty\u00f6ntekij\u00e4\u00e4 osti yrityksen liiketoiminnan ja perustettiin Camteam Oy. Nimi keksittiin kun suunnitteluprosessissa keskeist\u00e4 oli CAM ja yritt\u00e4jin\u00e4 kuusi&hellip;","_links":{"self":[{"href":"https:\/\/www.camteam.fi\/en\/wp-json\/wp\/v2\/pages\/1604","targetHints":{"allow":["GET"]}}],"collection":[{"href":"https:\/\/www.camteam.fi\/en\/wp-json\/wp\/v2\/pages"}],"about":[{"href":"https:\/\/www.camteam.fi\/en\/wp-json\/wp\/v2\/types\/page"}],"author":[{"embeddable":true,"href":"https:\/\/www.camteam.fi\/en\/wp-json\/wp\/v2\/users\/1"}],"replies":[{"embeddable":true,"href":"https:\/\/www.camteam.fi\/en\/wp-json\/wp\/v2\/comments?post=1604"}],"version-history":[{"count":139,"href":"https:\/\/www.camteam.fi\/en\/wp-json\/wp\/v2\/pages\/1604\/revisions"}],"predecessor-version":[{"id":2361,"href":"https:\/\/www.camteam.fi\/en\/wp-json\/wp\/v2\/pages\/1604\/revisions\/2361"}],"wp:attachment":[{"href":"https:\/\/www.camteam.fi\/en\/wp-json\/wp\/v2\/media?parent=1604"}],"curies":[{"name":"wp","href":"https:\/\/api.w.org\/{rel}","templated":true}]}}