{"id":1588,"date":"2024-08-01T12:39:57","date_gmt":"2024-08-01T09:39:57","guid":{"rendered":"https:\/\/www.camteam.fi\/contact-us\/"},"modified":"2025-11-25T08:42:23","modified_gmt":"2025-11-25T06:42:23","slug":"contact-us","status":"publish","type":"page","link":"https:\/\/www.camteam.fi\/en\/contact-us\/","title":{"rendered":"Contact Us"},"content":{"rendered":"<div data-elementor-type=\"wp-page\" data-elementor-id=\"1588\" class=\"elementor elementor-1588\">\n\t\t\t\t<div class=\"elementor-element elementor-element-24c16cf6 e-flex e-con-boxed e-con e-parent\" data-id=\"24c16cf6\" data-element_type=\"container\" data-e-type=\"container\">\n\t\t\t\t\t<div class=\"e-con-inner\">\n\t\t<div class=\"elementor-element elementor-element-71f79242 e-con-full e-flex e-con e-child\" data-id=\"71f79242\" data-element_type=\"container\" data-e-type=\"container\">\n\t\t\t\t<div class=\"elementor-element elementor-element-4083a1f8 elementor-widget__width-initial elementor-invisible elementor-widget elementor-widget-heading\" data-id=\"4083a1f8\" data-element_type=\"widget\" data-e-type=\"widget\" data-settings=\"{&quot;_animation&quot;:&quot;slideInLeft&quot;}\" data-widget_type=\"heading.default\">\n\t\t\t\t<div class=\"elementor-widget-container\">\n\t\t\t\t\t<h2 class=\"elementor-heading-title elementor-size-default\">Contact Us<\/h2>\t\t\t\t<\/div>\n\t\t\t\t<\/div>\n\t\t\t\t<div class=\"elementor-element elementor-element-6eec4499 elementor-invisible elementor-widget elementor-widget-text-editor\" data-id=\"6eec4499\" data-element_type=\"widget\" data-e-type=\"widget\" data-settings=\"{&quot;_animation&quot;:&quot;fadeIn&quot;}\" data-widget_type=\"text-editor.default\">\n\t\t\t\t<div class=\"elementor-widget-container\">\n\t\t\t\t\t\t\t\t\t<p>Let's do something great together!<\/p>\t\t\t\t\t\t\t\t<\/div>\n\t\t\t\t<\/div>\n\t\t\t\t<\/div>\n\t\t<div class=\"elementor-element elementor-element-68890400 e-con-full e-flex elementor-invisible e-con e-child\" data-id=\"68890400\" data-element_type=\"container\" data-e-type=\"container\" data-settings=\"{&quot;background_background&quot;:&quot;classic&quot;,&quot;animation&quot;:&quot;fadeIn&quot;}\">\n\t\t\t\t<\/div>\n\t\t\t\t\t<\/div>\n\t\t\t\t<\/div>\n\t\t<div class=\"elementor-element elementor-element-2696f443 e-flex e-con-boxed e-con e-parent\" data-id=\"2696f443\" data-element_type=\"container\" data-e-type=\"container\">\n\t\t\t\t\t<div class=\"e-con-inner\">\n\t\t<div class=\"elementor-element elementor-element-11889d7b e-con-full e-flex e-con e-child\" data-id=\"11889d7b\" data-element_type=\"container\" data-e-type=\"container\" data-settings=\"{&quot;background_background&quot;:&quot;classic&quot;}\">\n\t\t<div class=\"elementor-element elementor-element-00961c0 e-grid e-con-full e-con e-child\" data-id=\"00961c0\" data-element_type=\"container\" data-e-type=\"container\">\n\t\t\t\t<div class=\"elementor-element elementor-element-0b0c0da elementor-position-top elementor-widget elementor-widget-image-box\" data-id=\"0b0c0da\" data-element_type=\"widget\" data-e-type=\"widget\" data-widget_type=\"image-box.default\">\n\t\t\t\t<div class=\"elementor-widget-container\">\n\t\t\t\t\t<div class=\"elementor-image-box-wrapper\"><figure class=\"elementor-image-box-img\"><img fetchpriority=\"high\" decoding=\"async\" data-attachment-id=\"981\" data-permalink=\"https:\/\/www.camteam.fi\/en\/?attachment_id=981\" data-orig-file=\"https:\/\/i0.wp.com\/www.camteam.fi\/wpskb\/wp-content\/uploads\/2020\/11\/VESKU_TESTI-scaled-e1616586850194.jpeg?fit=339%2C430&amp;ssl=1\" data-orig-size=\"339,430\" data-comments-opened=\"0\" data-image-meta=\"{&quot;aperture&quot;:&quot;0&quot;,&quot;credit&quot;:&quot;&quot;,&quot;camera&quot;:&quot;&quot;,&quot;caption&quot;:&quot;&quot;,&quot;created_timestamp&quot;:&quot;0&quot;,&quot;copyright&quot;:&quot;&quot;,&quot;focal_length&quot;:&quot;0&quot;,&quot;iso&quot;:&quot;0&quot;,&quot;shutter_speed&quot;:&quot;0&quot;,&quot;title&quot;:&quot;&quot;,&quot;orientation&quot;:&quot;1&quot;}\" data-image-title=\"VESKU_TESTI\" data-image-description=\"\" data-image-caption=\"\" data-medium-file=\"https:\/\/i0.wp.com\/www.camteam.fi\/wpskb\/wp-content\/uploads\/2020\/11\/VESKU_TESTI-scaled-e1616586850194.jpeg?fit=237%2C300&amp;ssl=1\" data-large-file=\"https:\/\/i0.wp.com\/www.camteam.fi\/wpskb\/wp-content\/uploads\/2020\/11\/VESKU_TESTI-scaled-e1616586850194.jpeg?fit=729%2C1024&amp;ssl=1\" width=\"339\" height=\"430\" src=\"https:\/\/i0.wp.com\/www.camteam.fi\/wpskb\/wp-content\/uploads\/2020\/11\/VESKU_TESTI-scaled-e1616586850194.jpeg?fit=339%2C430&amp;ssl=1\" class=\"attachment-full size-full wp-image-981\" alt=\"\" srcset=\"https:\/\/i0.wp.com\/www.camteam.fi\/wpskb\/wp-content\/uploads\/2020\/11\/VESKU_TESTI-scaled-e1616586850194.jpeg?w=339&amp;ssl=1 339w, https:\/\/i0.wp.com\/www.camteam.fi\/wpskb\/wp-content\/uploads\/2020\/11\/VESKU_TESTI-scaled-e1616586850194.jpeg?resize=237%2C300&amp;ssl=1 237w\" sizes=\"(max-width: 339px) 100vw, 339px\" \/><\/figure><div class=\"elementor-image-box-content\"><h3 class=\"elementor-image-box-title\">Vesa-Matti <br>Luode<\/h3><p class=\"elementor-image-box-description\">Toimitusjohtaja<br><span style=\"font-size: 14px;text-align: start\"><b>+358 40 544 3271<\/b><\/span><\/p><\/div><\/div>\t\t\t\t<\/div>\n\t\t\t\t<\/div>\n\t\t\t\t<div class=\"elementor-element elementor-element-0a142b9 elementor-position-top elementor-widget elementor-widget-image-box\" data-id=\"0a142b9\" data-element_type=\"widget\" data-e-type=\"widget\" data-widget_type=\"image-box.default\">\n\t\t\t\t<div class=\"elementor-widget-container\">\n\t\t\t\t\t<div class=\"elementor-image-box-wrapper\"><figure class=\"elementor-image-box-img\"><img decoding=\"async\" data-attachment-id=\"2276\" data-permalink=\"https:\/\/www.camteam.fi\/en\/contact-us\/img_5265\/\" data-orig-file=\"https:\/\/i0.wp.com\/www.camteam.fi\/wpskb\/wp-content\/uploads\/2025\/02\/IMG_5265-scaled-e1740740779177.jpg?fit=1442%2C1920&amp;ssl=1\" data-orig-size=\"1442,1920\" data-comments-opened=\"0\" data-image-meta=\"{&quot;aperture&quot;:&quot;1.78&quot;,&quot;credit&quot;:&quot;&quot;,&quot;camera&quot;:&quot;iPhone 15 Pro&quot;,&quot;caption&quot;:&quot;&quot;,&quot;created_timestamp&quot;:&quot;1740740775&quot;,&quot;copyright&quot;:&quot;&quot;,&quot;focal_length&quot;:&quot;6.7649998656528&quot;,&quot;iso&quot;:&quot;125&quot;,&quot;shutter_speed&quot;:&quot;0.02&quot;,&quot;title&quot;:&quot;&quot;,&quot;orientation&quot;:&quot;1&quot;}\" data-image-title=\"IMG_5265\" data-image-description=\"\" data-image-caption=\"\" data-medium-file=\"https:\/\/i0.wp.com\/www.camteam.fi\/wpskb\/wp-content\/uploads\/2025\/02\/IMG_5265-scaled-e1740740779177.jpg?fit=225%2C300&amp;ssl=1\" data-large-file=\"https:\/\/i0.wp.com\/www.camteam.fi\/wpskb\/wp-content\/uploads\/2025\/02\/IMG_5265-scaled-e1740740779177.jpg?fit=769%2C1024&amp;ssl=1\" width=\"1442\" height=\"1920\" src=\"https:\/\/i0.wp.com\/www.camteam.fi\/wpskb\/wp-content\/uploads\/2025\/02\/IMG_5265-scaled-e1740740779177.jpg?fit=1442%2C1920&amp;ssl=1\" class=\"attachment-full size-full wp-image-2276\" alt=\"\" srcset=\"https:\/\/i0.wp.com\/www.camteam.fi\/wpskb\/wp-content\/uploads\/2025\/02\/IMG_5265-scaled-e1740740779177.jpg?w=1442&amp;ssl=1 1442w, https:\/\/i0.wp.com\/www.camteam.fi\/wpskb\/wp-content\/uploads\/2025\/02\/IMG_5265-scaled-e1740740779177.jpg?resize=225%2C300&amp;ssl=1 225w, https:\/\/i0.wp.com\/www.camteam.fi\/wpskb\/wp-content\/uploads\/2025\/02\/IMG_5265-scaled-e1740740779177.jpg?resize=769%2C1024&amp;ssl=1 769w, https:\/\/i0.wp.com\/www.camteam.fi\/wpskb\/wp-content\/uploads\/2025\/02\/IMG_5265-scaled-e1740740779177.jpg?resize=768%2C1023&amp;ssl=1 768w, https:\/\/i0.wp.com\/www.camteam.fi\/wpskb\/wp-content\/uploads\/2025\/02\/IMG_5265-scaled-e1740740779177.jpg?resize=1154%2C1536&amp;ssl=1 1154w, https:\/\/i0.wp.com\/www.camteam.fi\/wpskb\/wp-content\/uploads\/2025\/02\/IMG_5265-scaled-e1740740779177.jpg?resize=9%2C12&amp;ssl=1 9w\" sizes=\"(max-width: 800px) 100vw, 800px\" \/><\/figure><div class=\"elementor-image-box-content\"><h3 class=\"elementor-image-box-title\">Risto<br>Huoso<\/h3><p class=\"elementor-image-box-description\">Sales Manager<br><span style=\"font-size: 14px;text-align: start\"><b>+358 44 026 3896<\/b><\/span><\/p><\/div><\/div>\t\t\t\t<\/div>\n\t\t\t\t<\/div>\n\t\t\t\t<div class=\"elementor-element elementor-element-bb23263 elementor-position-top elementor-widget elementor-widget-image-box\" data-id=\"bb23263\" data-element_type=\"widget\" data-e-type=\"widget\" data-widget_type=\"image-box.default\">\n\t\t\t\t<div class=\"elementor-widget-container\">\n\t\t\t\t\t<div class=\"elementor-image-box-wrapper\"><figure class=\"elementor-image-box-img\"><img decoding=\"async\" data-attachment-id=\"381\" data-permalink=\"https:\/\/www.camteam.fi\/en\/?attachment_id=381\" data-orig-file=\"https:\/\/i0.wp.com\/www.camteam.fi\/wpskb\/wp-content\/uploads\/2017\/10\/yhtml.jpg?fit=339%2C426&amp;ssl=1\" data-orig-size=\"339,426\" data-comments-opened=\"1\" data-image-meta=\"{&quot;aperture&quot;:&quot;0&quot;,&quot;credit&quot;:&quot;&quot;,&quot;camera&quot;:&quot;&quot;,&quot;caption&quot;:&quot;&quot;,&quot;created_timestamp&quot;:&quot;0&quot;,&quot;copyright&quot;:&quot;&quot;,&quot;focal_length&quot;:&quot;0&quot;,&quot;iso&quot;:&quot;0&quot;,&quot;shutter_speed&quot;:&quot;0&quot;,&quot;title&quot;:&quot;&quot;,&quot;orientation&quot;:&quot;1&quot;}\" data-image-title=\"yhtml\" data-image-description=\"\" data-image-caption=\"\" data-medium-file=\"https:\/\/i0.wp.com\/www.camteam.fi\/wpskb\/wp-content\/uploads\/2017\/10\/yhtml.jpg?fit=239%2C300&amp;ssl=1\" data-large-file=\"https:\/\/i0.wp.com\/www.camteam.fi\/wpskb\/wp-content\/uploads\/2017\/10\/yhtml.jpg?fit=339%2C426&amp;ssl=1\" width=\"339\" height=\"426\" src=\"https:\/\/i0.wp.com\/www.camteam.fi\/wpskb\/wp-content\/uploads\/2017\/10\/yhtml.jpg?fit=339%2C426&amp;ssl=1\" class=\"attachment-full size-full wp-image-381\" alt=\"\" srcset=\"https:\/\/i0.wp.com\/www.camteam.fi\/wpskb\/wp-content\/uploads\/2017\/10\/yhtml.jpg?w=339&amp;ssl=1 339w, https:\/\/i0.wp.com\/www.camteam.fi\/wpskb\/wp-content\/uploads\/2017\/10\/yhtml.jpg?resize=239%2C300&amp;ssl=1 239w\" sizes=\"(max-width: 339px) 100vw, 339px\" \/><\/figure><div class=\"elementor-image-box-content\"><h3 class=\"elementor-image-box-title\">Marko <br>Laaksonen<\/h3><p class=\"elementor-image-box-description\">Logistics<br><span style=\"font-size: 14px;text-align: start\"><b>+358 40 544 3275<\/b><\/span><\/p><\/div><\/div>\t\t\t\t<\/div>\n\t\t\t\t<\/div>\n\t\t\t\t<div class=\"elementor-element elementor-element-3b53624 elementor-position-top elementor-widget elementor-widget-image-box\" data-id=\"3b53624\" data-element_type=\"widget\" data-e-type=\"widget\" data-widget_type=\"image-box.default\">\n\t\t\t\t<div class=\"elementor-widget-container\">\n\t\t\t\t\t<div class=\"elementor-image-box-wrapper\"><figure class=\"elementor-image-box-img\"><img loading=\"lazy\" decoding=\"async\" data-attachment-id=\"382\" data-permalink=\"https:\/\/www.camteam.fi\/en\/?attachment_id=382\" data-orig-file=\"https:\/\/i0.wp.com\/www.camteam.fi\/wpskb\/wp-content\/uploads\/2017\/10\/yhtmm.jpg?fit=339%2C426&amp;ssl=1\" data-orig-size=\"339,426\" data-comments-opened=\"1\" data-image-meta=\"{&quot;aperture&quot;:&quot;0&quot;,&quot;credit&quot;:&quot;&quot;,&quot;camera&quot;:&quot;&quot;,&quot;caption&quot;:&quot;&quot;,&quot;created_timestamp&quot;:&quot;0&quot;,&quot;copyright&quot;:&quot;&quot;,&quot;focal_length&quot;:&quot;0&quot;,&quot;iso&quot;:&quot;0&quot;,&quot;shutter_speed&quot;:&quot;0&quot;,&quot;title&quot;:&quot;&quot;,&quot;orientation&quot;:&quot;1&quot;}\" data-image-title=\"yhtmm\" data-image-description=\"\" data-image-caption=\"\" data-medium-file=\"https:\/\/i0.wp.com\/www.camteam.fi\/wpskb\/wp-content\/uploads\/2017\/10\/yhtmm.jpg?fit=239%2C300&amp;ssl=1\" data-large-file=\"https:\/\/i0.wp.com\/www.camteam.fi\/wpskb\/wp-content\/uploads\/2017\/10\/yhtmm.jpg?fit=339%2C426&amp;ssl=1\" width=\"339\" height=\"426\" src=\"https:\/\/i0.wp.com\/www.camteam.fi\/wpskb\/wp-content\/uploads\/2017\/10\/yhtmm.jpg?fit=339%2C426&amp;ssl=1\" class=\"attachment-full size-full wp-image-382\" alt=\"\" srcset=\"https:\/\/i0.wp.com\/www.camteam.fi\/wpskb\/wp-content\/uploads\/2017\/10\/yhtmm.jpg?w=339&amp;ssl=1 339w, https:\/\/i0.wp.com\/www.camteam.fi\/wpskb\/wp-content\/uploads\/2017\/10\/yhtmm.jpg?resize=239%2C300&amp;ssl=1 239w\" sizes=\"(max-width: 339px) 100vw, 339px\" \/><\/figure><div class=\"elementor-image-box-content\"><h3 class=\"elementor-image-box-title\">Matti <br>Majava<\/h3><p class=\"elementor-image-box-description\">Injection Molding<br><span style=\"font-size: 14px;text-align: start\"><b>+358 40 067 3764<\/b><\/span><\/p><\/div><\/div>\t\t\t\t<\/div>\n\t\t\t\t<\/div>\n\t\t\t\t<div class=\"elementor-element elementor-element-db071b3 elementor-position-top elementor-widget elementor-widget-image-box\" data-id=\"db071b3\" data-element_type=\"widget\" data-e-type=\"widget\" data-widget_type=\"image-box.default\">\n\t\t\t\t<div class=\"elementor-widget-container\">\n\t\t\t\t\t<div class=\"elementor-image-box-wrapper\"><figure class=\"elementor-image-box-img\"><img loading=\"lazy\" decoding=\"async\" data-attachment-id=\"2319\" data-permalink=\"https:\/\/www.camteam.fi\/en\/contact-us\/img_1542\/\" data-orig-file=\"https:\/\/i0.wp.com\/www.camteam.fi\/wpskb\/wp-content\/uploads\/2025\/09\/IMG_1542-scaled-e1758529792485.jpg?fit=1532%2C1865&amp;ssl=1\" data-orig-size=\"1532,1865\" data-comments-opened=\"0\" data-image-meta=\"{&quot;aperture&quot;:&quot;1.9&quot;,&quot;credit&quot;:&quot;Apple Photos Clean Up&quot;,&quot;camera&quot;:&quot;iPhone 15 Pro&quot;,&quot;caption&quot;:&quot;&quot;,&quot;created_timestamp&quot;:&quot;1757520961&quot;,&quot;copyright&quot;:&quot;&quot;,&quot;focal_length&quot;:&quot;2.6900000572505&quot;,&quot;iso&quot;:&quot;25&quot;,&quot;shutter_speed&quot;:&quot;0.00044603033006244&quot;,&quot;title&quot;:&quot;&quot;,&quot;orientation&quot;:&quot;1&quot;}\" data-image-title=\"IMG_1542\" data-image-description=\"\" data-image-caption=\"\" data-medium-file=\"https:\/\/i0.wp.com\/www.camteam.fi\/wpskb\/wp-content\/uploads\/2025\/09\/IMG_1542-scaled-e1758529792485.jpg?fit=246%2C300&amp;ssl=1\" data-large-file=\"https:\/\/i0.wp.com\/www.camteam.fi\/wpskb\/wp-content\/uploads\/2025\/09\/IMG_1542-scaled-e1758529792485.jpg?fit=800%2C974&amp;ssl=1\" width=\"1532\" height=\"1865\" src=\"https:\/\/i0.wp.com\/www.camteam.fi\/wpskb\/wp-content\/uploads\/2025\/09\/IMG_1542-scaled-e1758529792485.jpg?fit=1532%2C1865&amp;ssl=1\" class=\"attachment-full size-full wp-image-2319\" alt=\"\" srcset=\"https:\/\/i0.wp.com\/www.camteam.fi\/wpskb\/wp-content\/uploads\/2025\/09\/IMG_1542-scaled-e1758529792485.jpg?w=1532&amp;ssl=1 1532w, https:\/\/i0.wp.com\/www.camteam.fi\/wpskb\/wp-content\/uploads\/2025\/09\/IMG_1542-scaled-e1758529792485.jpg?resize=246%2C300&amp;ssl=1 246w, https:\/\/i0.wp.com\/www.camteam.fi\/wpskb\/wp-content\/uploads\/2025\/09\/IMG_1542-scaled-e1758529792485.jpg?resize=841%2C1024&amp;ssl=1 841w, https:\/\/i0.wp.com\/www.camteam.fi\/wpskb\/wp-content\/uploads\/2025\/09\/IMG_1542-scaled-e1758529792485.jpg?resize=768%2C935&amp;ssl=1 768w, https:\/\/i0.wp.com\/www.camteam.fi\/wpskb\/wp-content\/uploads\/2025\/09\/IMG_1542-scaled-e1758529792485.jpg?resize=1262%2C1536&amp;ssl=1 1262w, https:\/\/i0.wp.com\/www.camteam.fi\/wpskb\/wp-content\/uploads\/2025\/09\/IMG_1542-scaled-e1758529792485.jpg?resize=10%2C12&amp;ssl=1 10w\" sizes=\"(max-width: 800px) 100vw, 800px\" \/><\/figure><div class=\"elementor-image-box-content\"><h3 class=\"elementor-image-box-title\">Matias<br>Heinil\u00e4<\/h3><p class=\"elementor-image-box-description\">Design<br><span style=\"font-size: 14px;text-align: start\"><b>+358 45 867 2737<\/b><\/span><\/p><\/div><\/div>\t\t\t\t<\/div>\n\t\t\t\t<\/div>\n\t\t\t\t<\/div>\n\t\t\t\t<div class=\"elementor-element elementor-element-7cdcdb3 elementor-widget elementor-widget-spacer\" data-id=\"7cdcdb3\" data-element_type=\"widget\" data-e-type=\"widget\" data-widget_type=\"spacer.default\">\n\t\t\t\t<div class=\"elementor-widget-container\">\n\t\t\t\t\t\t\t<div class=\"elementor-spacer\">\n\t\t\t<div class=\"elementor-spacer-inner\"><\/div>\n\t\t<\/div>\n\t\t\t\t\t\t<\/div>\n\t\t\t\t<\/div>\n\t\t\t\t<div class=\"elementor-element elementor-element-de400a4 elementor-widget elementor-widget-image\" data-id=\"de400a4\" data-element_type=\"widget\" data-e-type=\"widget\" data-widget_type=\"image.default\">\n\t\t\t\t<div class=\"elementor-widget-container\">\n\t\t\t\t\t\t\t\t\t\t\t\t\t\t\t<img loading=\"lazy\" decoding=\"async\" data-attachment-id=\"1049\" data-permalink=\"https:\/\/www.camteam.fi\/en\/?attachment_id=1049\" data-orig-file=\"https:\/\/i0.wp.com\/www.camteam.fi\/wpskb\/wp-content\/uploads\/2020\/11\/camteam-drone-kuva-scaled.jpg?fit=2560%2C1920&amp;ssl=1\" data-orig-size=\"2560,1920\" data-comments-opened=\"0\" data-image-meta=\"{&quot;aperture&quot;:&quot;0&quot;,&quot;credit&quot;:&quot;&quot;,&quot;camera&quot;:&quot;&quot;,&quot;caption&quot;:&quot;&quot;,&quot;created_timestamp&quot;:&quot;0&quot;,&quot;copyright&quot;:&quot;&quot;,&quot;focal_length&quot;:&quot;0&quot;,&quot;iso&quot;:&quot;0&quot;,&quot;shutter_speed&quot;:&quot;0&quot;,&quot;title&quot;:&quot;&quot;,&quot;orientation&quot;:&quot;0&quot;}\" data-image-title=\"Camteam toimitilat\" data-image-description=\"\" data-image-caption=\"&lt;p&gt;Kaarinalainen muovitehdas Krossin Rakentajantiell\u00e4.&lt;\/p&gt;\" data-medium-file=\"https:\/\/i0.wp.com\/www.camteam.fi\/wpskb\/wp-content\/uploads\/2020\/11\/camteam-drone-kuva-scaled.jpg?fit=300%2C225&amp;ssl=1\" data-large-file=\"https:\/\/i0.wp.com\/www.camteam.fi\/wpskb\/wp-content\/uploads\/2020\/11\/camteam-drone-kuva-scaled.jpg?fit=800%2C600&amp;ssl=1\" width=\"2560\" height=\"1920\" src=\"https:\/\/i0.wp.com\/www.camteam.fi\/wpskb\/wp-content\/uploads\/2020\/11\/camteam-drone-kuva-scaled.jpg?fit=2560%2C1920&amp;ssl=1\" class=\"attachment-full size-full wp-image-1049\" alt=\"Camteamin toimitilat ilmasta k\u00e4sin tien Rakentajantie suunnasta.\" srcset=\"https:\/\/i0.wp.com\/www.camteam.fi\/wpskb\/wp-content\/uploads\/2020\/11\/camteam-drone-kuva-scaled.jpg?w=2560&amp;ssl=1 2560w, https:\/\/i0.wp.com\/www.camteam.fi\/wpskb\/wp-content\/uploads\/2020\/11\/camteam-drone-kuva-scaled.jpg?resize=300%2C225&amp;ssl=1 300w, https:\/\/i0.wp.com\/www.camteam.fi\/wpskb\/wp-content\/uploads\/2020\/11\/camteam-drone-kuva-scaled.jpg?resize=1024%2C768&amp;ssl=1 1024w, https:\/\/i0.wp.com\/www.camteam.fi\/wpskb\/wp-content\/uploads\/2020\/11\/camteam-drone-kuva-scaled.jpg?resize=768%2C576&amp;ssl=1 768w, https:\/\/i0.wp.com\/www.camteam.fi\/wpskb\/wp-content\/uploads\/2020\/11\/camteam-drone-kuva-scaled.jpg?resize=1536%2C1152&amp;ssl=1 1536w, https:\/\/i0.wp.com\/www.camteam.fi\/wpskb\/wp-content\/uploads\/2020\/11\/camteam-drone-kuva-scaled.jpg?resize=2048%2C1536&amp;ssl=1 2048w, https:\/\/i0.wp.com\/www.camteam.fi\/wpskb\/wp-content\/uploads\/2020\/11\/camteam-drone-kuva-scaled.jpg?w=1600&amp;ssl=1 1600w, https:\/\/i0.wp.com\/www.camteam.fi\/wpskb\/wp-content\/uploads\/2020\/11\/camteam-drone-kuva-scaled.jpg?w=2400&amp;ssl=1 2400w\" sizes=\"(max-width: 800px) 100vw, 800px\" \/>\t\t\t\t\t\t\t\t\t\t\t\t\t\t\t<\/div>\n\t\t\t\t<\/div>\n\t\t<div class=\"elementor-element elementor-element-6d81f5d7 e-con-full e-flex e-con e-child\" data-id=\"6d81f5d7\" data-element_type=\"container\" data-e-type=\"container\">\n\t\t\t\t<div class=\"elementor-element elementor-element-6124a2a4 elementor-widget__width-auto elementor-align-start elementor-icon-list--layout-traditional elementor-list-item-link-full_width elementor-widget elementor-widget-icon-list\" data-id=\"6124a2a4\" data-element_type=\"widget\" data-e-type=\"widget\" data-widget_type=\"icon-list.default\">\n\t\t\t\t<div class=\"elementor-widget-container\">\n\t\t\t\t\t\t\t<ul class=\"elementor-icon-list-items\">\n\t\t\t\t\t\t\t<li class=\"elementor-icon-list-item\">\n\t\t\t\t\t\t\t\t\t\t<span class=\"elementor-icon-list-text\"><b>Address:<\/b> Rakentajantie 32, 20780 Kaarina<\/span>\n\t\t\t\t\t\t\t\t\t<\/li>\n\t\t\t\t\t\t\t\t<li class=\"elementor-icon-list-item\">\n\t\t\t\t\t\t\t\t\t\t<span class=\"elementor-icon-list-text\"><b>We are present:<\/b> Ma-Pe klo7.00-16.00<\/span>\n\t\t\t\t\t\t\t\t\t<\/li>\n\t\t\t\t\t\t\t\t<li class=\"elementor-icon-list-item\">\n\t\t\t\t\t\t\t\t\t\t<span class=\"elementor-icon-list-text\"><b>We are present:<\/b> +358 44 026 3896<\/span>\n\t\t\t\t\t\t\t\t\t<\/li>\n\t\t\t\t\t\t\t\t<li class=\"elementor-icon-list-item\">\n\t\t\t\t\t\t\t\t\t\t<span class=\"elementor-icon-list-text\"><b>Email:<\/b> camteam@camteam.fi <\/span>\n\t\t\t\t\t\t\t\t\t<\/li>\n\t\t\t\t\t\t<\/ul>\n\t\t\t\t\t\t<\/div>\n\t\t\t\t<\/div>\n\t\t\t\t<\/div>\n\t\t\t\t<\/div>\n\t\t\t\t\t<\/div>\n\t\t\t\t<\/div>\n\t\t<div class=\"elementor-element elementor-element-ec1b70e e-flex e-con-boxed e-con e-parent\" data-id=\"ec1b70e\" data-element_type=\"container\" data-e-type=\"container\">\n\t\t\t\t\t<div class=\"e-con-inner\">\n\t\t\t\t<div class=\"elementor-element elementor-element-1af544f elementor-widget elementor-widget-google_maps\" data-id=\"1af544f\" data-element_type=\"widget\" data-e-type=\"widget\" data-widget_type=\"google_maps.default\">\n\t\t\t\t<div class=\"elementor-widget-container\">\n\t\t\t\t\t\t\t<div class=\"elementor-custom-embed\">\n\t\t\t<iframe loading=\"lazy\"\n\t\t\t\t\tsrc=\"https:\/\/maps.google.com\/maps?q=Rakentajantie%2032%2C%2020780%20Kaarina&#038;t=m&#038;z=11&#038;output=embed&#038;iwloc=near\"\n\t\t\t\t\ttitle=\"Rakentajantie 32, 20780 Kaarina\"\n\t\t\t\t\taria-label=\"Rakentajantie 32, 20780 Kaarina\"\n\t\t\t><\/iframe>\n\t\t<\/div>\n\t\t\t\t\t\t<\/div>\n\t\t\t\t<\/div>\n\t\t\t\t\t<\/div>\n\t\t\t\t<\/div>\n\t\t\t\t<\/div>","protected":false},"excerpt":{"rendered":"<p>Ota yhteytt\u00e4 Tehd\u00e4\u00e4n yhdess\u00e4 jotain hienoa! Vesa-Matti Luode Toimitusjohtaja+358 40 544 3271 RistoHuoso Myyntip\u00e4\u00e4llikk\u00f6+358 44 026 3896 Marko Laaksonen Toimitukset+358 40 544 3275 Matti Majava Ruiskuvalu+358 40 067 3764 MatiasHeinil\u00e4 Suunnittelu+358 45 867 2737 Osoite: Rakentajantie 32, 20780 Kaarina Olemme paikalla: Ma-Pe klo7.00-16.00 Olemme paikalla: +358 44 026 3896 Email: camteam@camteam.fi<\/p>","protected":false},"author":1,"featured_media":0,"parent":0,"menu_order":0,"comment_status":"closed","ping_status":"closed","template":"elementor_header_footer","meta":{"jetpack_post_was_ever_published":false,"footnotes":""},"class_list":["post-1588","page","type-page","status-publish","hentry"],"jetpack_sharing_enabled":true,"jetpack_shortlink":"https:\/\/wp.me\/PdMtA4-pC","jetpack_likes_enabled":true,"jetpack-related-posts":[{"id":1608,"url":"https:\/\/www.camteam.fi\/en\/","url_meta":{"origin":1588,"position":0},"title":"Etusivu","author":"Master","date":"1st August 2024","format":false,"excerpt":"Luotettava muovikumppanisi Jo vuodesta 1991 Ota yhteytt\u00e4 Miten edet\u00e4\u00e4n? Olemme t\u00e4\u00e4ll\u00e4 tarpeitasi varten, mit\u00e4 ikin\u00e4 muovituotteesi vaatiikaan. AlkupalaveriProjekti alkaa kunnollisella tutustumisella ideaan tai tuotteeseen. Mentoroimme asiakkaitamme tarpeen mukaan. SuunnitteluSuunnittelemme ja analysoimme tuotteen ja\/tai ruiskupuristusmuotin vuosien kokemuksella. ValmistusLastu lent\u00e4m\u00e4\u00e4n! Muottivalmistuksen jokainen vaihe tapahtuu meill\u00e4 Kaarinassa. Kauttamme my\u00f6s muottihankinta yhteisty\u00f6kumppaneiltamme. J\u00e4lkik\u00e4sittelyRuiskupuristettu tuote\u2026","rel":"","context":"Similar post","block_context":{"text":"Similar post","link":""},"img":{"alt_text":"","src":"https:\/\/i0.wp.com\/www.camteam.fi\/wpskb\/wp-content\/uploads\/2025\/09\/Nayttokuva_23-9-2025_203357_.jpeg?resize=350%2C200&ssl=1","width":350,"height":200,"srcset":"https:\/\/i0.wp.com\/www.camteam.fi\/wpskb\/wp-content\/uploads\/2025\/09\/Nayttokuva_23-9-2025_203357_.jpeg?resize=350%2C200&ssl=1 1x, https:\/\/i0.wp.com\/www.camteam.fi\/wpskb\/wp-content\/uploads\/2025\/09\/Nayttokuva_23-9-2025_203357_.jpeg?resize=525%2C300&ssl=1 1.5x, https:\/\/i0.wp.com\/www.camteam.fi\/wpskb\/wp-content\/uploads\/2025\/09\/Nayttokuva_23-9-2025_203357_.jpeg?resize=700%2C400&ssl=1 2x"},"classes":[]},{"id":1947,"url":"https:\/\/www.camteam.fi\/en\/blog-2\/","url_meta":{"origin":1588,"position":1},"title":"Blogi T\u00e4\u00e4ll\u00e4 voit lukea Camteamin\u2026","author":"Master","date":"16th August 2024","format":false,"excerpt":"Blogi T\u00e4\u00e4ll\u00e4 voit lukea Camteamin tiedotteita. Messut l\u00e4hestyy 16th elokuu 2024 Kes\u00e4 l\u00e4hestyy loppuaan ja t\u00e4m\u00e4n my\u00f6t\u00e4 on j\u00e4lleen aika Alihankintamessujen! N\u00e4hd\u00e4\u00e4n ja rupatellaan tutulla osastolla C1052, odotamme teit\u00e4 innolla!... Read More Camteam \u2013 PlastExpo Nordic 2024 29th tammikuu 2024 Yrityksemme on mukana PlastExpo Nordic 2024 messuilla Helsingiss\u00e4 13.-14.3.2024. Tavataan\u2026","rel":"","context":"Similar post","block_context":{"text":"Similar post","link":""},"img":{"alt_text":"","src":"","width":0,"height":0},"classes":[]}],"rttpg_featured_image_url":null,"rttpg_author":{"display_name":"Master","author_link":"https:\/\/www.camteam.fi\/en\/author\/camadmin\/"},"rttpg_comment":0,"rttpg_category":null,"rttpg_excerpt":"Ota yhteytt\u00e4 Tehd\u00e4\u00e4n yhdess\u00e4 jotain hienoa! Vesa-Matti Luode Toimitusjohtaja+358 40 544 3271 RistoHuoso Myyntip\u00e4\u00e4llikk\u00f6+358 44 026 3896 Marko Laaksonen Toimitukset+358 40 544 3275 Matti Majava Ruiskuvalu+358 40 067 3764 MatiasHeinil\u00e4 Suunnittelu+358 45 867 2737 Osoite: Rakentajantie 32, 20780 Kaarina Olemme paikalla: Ma-Pe klo7.00-16.00 Olemme paikalla: +358 44 026 3896 Email: camteam@camteam.fi","_links":{"self":[{"href":"https:\/\/www.camteam.fi\/en\/wp-json\/wp\/v2\/pages\/1588","targetHints":{"allow":["GET"]}}],"collection":[{"href":"https:\/\/www.camteam.fi\/en\/wp-json\/wp\/v2\/pages"}],"about":[{"href":"https:\/\/www.camteam.fi\/en\/wp-json\/wp\/v2\/types\/page"}],"author":[{"embeddable":true,"href":"https:\/\/www.camteam.fi\/en\/wp-json\/wp\/v2\/users\/1"}],"replies":[{"embeddable":true,"href":"https:\/\/www.camteam.fi\/en\/wp-json\/wp\/v2\/comments?post=1588"}],"version-history":[{"count":82,"href":"https:\/\/www.camteam.fi\/en\/wp-json\/wp\/v2\/pages\/1588\/revisions"}],"predecessor-version":[{"id":2335,"href":"https:\/\/www.camteam.fi\/en\/wp-json\/wp\/v2\/pages\/1588\/revisions\/2335"}],"wp:attachment":[{"href":"https:\/\/www.camteam.fi\/en\/wp-json\/wp\/v2\/media?parent=1588"}],"curies":[{"name":"wp","href":"https:\/\/api.w.org\/{rel}","templated":true}]}}