{"id":110,"date":"2017-10-09T05:17:39","date_gmt":"2017-10-09T05:17:39","guid":{"rendered":"https:\/\/camteamblog.wordpress.com\/?page_id=110"},"modified":"2017-11-01T07:50:28","modified_gmt":"2017-11-01T07:50:28","slug":"palvelut","status":"publish","type":"page","link":"https:\/\/www.camteam.fi\/en\/palvelut\/","title":{"rendered":"Palvelut"},"content":{"rendered":"","protected":false},"excerpt":{"rendered":"","protected":false},"author":1,"featured_media":0,"parent":0,"menu_order":0,"comment_status":"closed","ping_status":"closed","template":"","meta":{"jetpack_post_was_ever_published":false,"footnotes":""},"class_list":["post-110","page","type-page","status-publish","hentry"],"jetpack_sharing_enabled":true,"jetpack_shortlink":"https:\/\/wp.me\/PdMtA4-1M","jetpack_likes_enabled":true,"jetpack-related-posts":[{"id":7,"url":"https:\/\/www.camteam.fi\/en\/palvelut\/about\/","url_meta":{"origin":110,"position":0},"title":"Kumppanuus","author":"Master","date":"5th October 2017","format":false,"excerpt":"Camteam - muoviosat - ruiskuvalu - monikomponentti - kaasuavusteinen ruiskupuristus - protosarjat","rel":"","context":"Similar post","block_context":{"text":"Similar post","link":""},"img":{"alt_text":"prosessi","src":"https:\/\/i0.wp.com\/www.camteam.fi\/wpskb\/wp-content\/uploads\/2017\/10\/prosessi.jpg?resize=350%2C200","width":350,"height":200,"srcset":"https:\/\/i0.wp.com\/www.camteam.fi\/wpskb\/wp-content\/uploads\/2017\/10\/prosessi.jpg?resize=350%2C200 1x, https:\/\/i0.wp.com\/www.camteam.fi\/wpskb\/wp-content\/uploads\/2017\/10\/prosessi.jpg?resize=525%2C300 1.5x"},"classes":[]},{"id":168,"url":"https:\/\/www.camteam.fi\/en\/palvelut\/kokoonpano-ja-logistiikka\/","url_meta":{"origin":110,"position":1},"title":"Kokoonpano ja Logistiikka","author":"Master","date":"9th October 2017","format":false,"excerpt":"Camteam - muoviosat - ruiskuvalu - monikomponentti - kaasuavusteinen ruiskupuristus - protosarjat","rel":"","context":"Similar post","block_context":{"text":"Similar post","link":""},"img":{"alt_text":"","src":"https:\/\/i0.wp.com\/www.camteam.fi\/wpskb\/wp-content\/uploads\/2017\/10\/IMG_6565-300x225.jpg?resize=350%2C200","width":350,"height":200},"classes":[]},{"id":215,"url":"https:\/\/www.camteam.fi\/en\/laatu\/","url_meta":{"origin":110,"position":2},"title":"Laatusertifikaatit Laatu- ja ymp\u00e4rist\u00f6politiikka (ISO\u2026","author":"Master","date":"10th October 2017","format":false,"excerpt":"Camteam - muoviosat - ruiskuvalu - monikomponentti - kaasuavusteinen ruiskupuristus - protosarjat","rel":"","context":"Similar post","block_context":{"text":"Similar post","link":""},"img":{"alt_text":"","src":"https:\/\/i0.wp.com\/www.camteam.fi\/wpskb\/wp-content\/uploads\/2024\/01\/sertifikaatti-2024-2.png?resize=350%2C200&ssl=1","width":350,"height":200,"srcset":"https:\/\/i0.wp.com\/www.camteam.fi\/wpskb\/wp-content\/uploads\/2024\/01\/sertifikaatti-2024-2.png?resize=350%2C200&ssl=1 1x, https:\/\/i0.wp.com\/www.camteam.fi\/wpskb\/wp-content\/uploads\/2024\/01\/sertifikaatti-2024-2.png?resize=525%2C300&ssl=1 1.5x"},"classes":[]},{"id":1593,"url":"https:\/\/www.camteam.fi\/en\/our-services\/","url_meta":{"origin":110,"position":3},"title":"Our Services","author":"Master","date":"1st August 2024","format":false,"excerpt":"Palvelut. T\u00e4ll\u00e4 sivulla voit tutustua kaikkiin tarjoamiimme palveluihin. Muottivalmistus Valmistamme t\u00e4\u00e4ll\u00e4 Kaarinassa muotteja satojen muottien kokemuksella. Muottisuunnittelu Alan johtavat ohjelmistot yhdistettyn\u00e4 suunnittelijoimme kokemukseen mahdollistavat korkealuokkaiset muotit. Ruiskupuristaminen Puristamme 1-, 2- ja 3-komponenttituotteet it\u00e4valtaisilla Engel-ruiskuvalukoneillamme.\u00a0 Analysointi Moldflow-ohjelmistolla varmistamme, ett\u00e4 tuotteesta on mahdollista saada juuri vaatimusten mukainen.\u00a0 Tuotesuunnittelu Tied\u00e4mme mit\u00e4 muovituotteilta vaaditaan,\u2026","rel":"","context":"Similar post","block_context":{"text":"Similar post","link":""},"img":{"alt_text":"","src":"https:\/\/i0.wp.com\/www.camteam.fi\/wpskb\/wp-content\/uploads\/2024\/08\/IMG_9460-e1723108147652.png?resize=350%2C200&ssl=1","width":350,"height":200,"srcset":"https:\/\/i0.wp.com\/www.camteam.fi\/wpskb\/wp-content\/uploads\/2024\/08\/IMG_9460-e1723108147652.png?resize=350%2C200&ssl=1 1x, https:\/\/i0.wp.com\/www.camteam.fi\/wpskb\/wp-content\/uploads\/2024\/08\/IMG_9460-e1723108147652.png?resize=525%2C300&ssl=1 1.5x, https:\/\/i0.wp.com\/www.camteam.fi\/wpskb\/wp-content\/uploads\/2024\/08\/IMG_9460-e1723108147652.png?resize=700%2C400&ssl=1 2x, https:\/\/i0.wp.com\/www.camteam.fi\/wpskb\/wp-content\/uploads\/2024\/08\/IMG_9460-e1723108147652.png?resize=1050%2C600&ssl=1 3x, https:\/\/i0.wp.com\/www.camteam.fi\/wpskb\/wp-content\/uploads\/2024\/08\/IMG_9460-e1723108147652.png?resize=1400%2C800&ssl=1 4x"},"classes":[]},{"id":1608,"url":"https:\/\/www.camteam.fi\/en\/","url_meta":{"origin":110,"position":4},"title":"Etusivu","author":"Master","date":"1st August 2024","format":false,"excerpt":"Luotettava muovikumppanisi Jo vuodesta 1991 Ota yhteytt\u00e4 Miten edet\u00e4\u00e4n? Olemme t\u00e4\u00e4ll\u00e4 tarpeitasi varten, mit\u00e4 ikin\u00e4 muovituotteesi vaatiikaan. AlkupalaveriProjekti alkaa kunnollisella tutustumisella ideaan tai tuotteeseen. Mentoroimme asiakkaitamme tarpeen mukaan. SuunnitteluSuunnittelemme ja analysoimme tuotteen ja\/tai ruiskupuristusmuotin vuosien kokemuksella. ValmistusLastu lent\u00e4m\u00e4\u00e4n! Muottivalmistuksen jokainen vaihe tapahtuu meill\u00e4 Kaarinassa. Kauttamme my\u00f6s muottihankinta yhteisty\u00f6kumppaneiltamme. J\u00e4lkik\u00e4sittelyRuiskupuristettu tuote\u2026","rel":"","context":"Similar post","block_context":{"text":"Similar post","link":""},"img":{"alt_text":"","src":"https:\/\/i0.wp.com\/www.camteam.fi\/wpskb\/wp-content\/uploads\/2025\/09\/Nayttokuva_23-9-2025_203357_.jpeg?resize=350%2C200&ssl=1","width":350,"height":200,"srcset":"https:\/\/i0.wp.com\/www.camteam.fi\/wpskb\/wp-content\/uploads\/2025\/09\/Nayttokuva_23-9-2025_203357_.jpeg?resize=350%2C200&ssl=1 1x, https:\/\/i0.wp.com\/www.camteam.fi\/wpskb\/wp-content\/uploads\/2025\/09\/Nayttokuva_23-9-2025_203357_.jpeg?resize=525%2C300&ssl=1 1.5x, https:\/\/i0.wp.com\/www.camteam.fi\/wpskb\/wp-content\/uploads\/2025\/09\/Nayttokuva_23-9-2025_203357_.jpeg?resize=700%2C400&ssl=1 2x"},"classes":[]}],"rttpg_featured_image_url":null,"rttpg_author":{"display_name":"Master","author_link":"https:\/\/www.camteam.fi\/en\/author\/camadmin\/"},"rttpg_comment":0,"rttpg_category":null,"rttpg_excerpt":null,"_links":{"self":[{"href":"https:\/\/www.camteam.fi\/en\/wp-json\/wp\/v2\/pages\/110","targetHints":{"allow":["GET"]}}],"collection":[{"href":"https:\/\/www.camteam.fi\/en\/wp-json\/wp\/v2\/pages"}],"about":[{"href":"https:\/\/www.camteam.fi\/en\/wp-json\/wp\/v2\/types\/page"}],"author":[{"embeddable":true,"href":"https:\/\/www.camteam.fi\/en\/wp-json\/wp\/v2\/users\/1"}],"replies":[{"embeddable":true,"href":"https:\/\/www.camteam.fi\/en\/wp-json\/wp\/v2\/comments?post=110"}],"version-history":[{"count":1,"href":"https:\/\/www.camteam.fi\/en\/wp-json\/wp\/v2\/pages\/110\/revisions"}],"predecessor-version":[{"id":257,"href":"https:\/\/www.camteam.fi\/en\/wp-json\/wp\/v2\/pages\/110\/revisions\/257"}],"wp:attachment":[{"href":"https:\/\/www.camteam.fi\/en\/wp-json\/wp\/v2\/media?parent=110"}],"curies":[{"name":"wp","href":"https:\/\/api.w.org\/{rel}","templated":true}]}}