{"id":1096,"date":"2021-02-11T15:15:10","date_gmt":"2021-02-11T13:15:10","guid":{"rendered":"https:\/\/www.camteam.fi\/?page_id=1096"},"modified":"2021-12-07T12:34:40","modified_gmt":"2021-12-07T10:34:40","slug":"laskutus","status":"publish","type":"page","link":"https:\/\/www.camteam.fi\/en\/laskutus\/","title":{"rendered":"Invoicing"},"content":{"rendered":"<p><\/p>\n\n\n\n<p><\/p>\n\n\n\n<p class=\"has-text-align-center\">Y-tunnus: <strong><span class=\"has-inline-color has-neve-link-color-color\">0860500-4<\/span><\/strong><\/p>\n\n\n\n<p><\/p>\n\n\n\n<p class=\"has-text-align-center\">Verkkolaskuosoite: <strong><span class=\"has-inline-color has-neve-link-color-color\">FI4520571800009470<\/span><\/strong><\/p>\n\n\n\n<p><\/p>\n\n\n\n<p class=\"has-text-align-center\">V\u00e4litt\u00e4j\u00e4n tunnus: <strong><span class=\"has-inline-color has-neve-link-color-color\">NDEAFIHH<\/span><\/strong><\/p>\n\n\n\n<p><\/p>\n\n\n\n<p class=\"has-text-align-center\">V\u00e4litt\u00e4j\u00e4: <strong><span class=\"has-inline-color has-neve-link-color-color\">Nordea<\/span><\/strong><\/p>\n\n\n\n<p><\/p>\n\n\n\n<p class=\"has-text-align-center\"> Lis\u00e4ksi my\u00f6s laskutuksen s\u00e4hk\u00f6postiosoite: <strong><span class=\"has-inline-color has-neve-link-color-color\">laskut<\/span><span class=\"has-inline-color has-nv-dark-bg-color\">(at)<\/span><span class=\"has-inline-color has-neve-link-color-color\">camteam.fi<\/span><\/strong> <\/p>\n\n\n\n<p><\/p>","protected":false},"excerpt":{"rendered":"<p>Y-tunnus: 0860500-4 Verkkolaskuosoite: FI4520571800009470 V\u00e4litt\u00e4j\u00e4n tunnus: NDEAFIHH V\u00e4litt\u00e4j\u00e4: Nordea Lis\u00e4ksi my\u00f6s laskutuksen s\u00e4hk\u00f6postiosoite: laskut(at)camteam.fi<\/p>","protected":false},"author":1,"featured_media":0,"parent":0,"menu_order":0,"comment_status":"closed","ping_status":"closed","template":"","meta":{"jetpack_post_was_ever_published":false,"footnotes":""},"class_list":["post-1096","page","type-page","status-publish","hentry"],"jetpack_sharing_enabled":true,"jetpack_shortlink":"https:\/\/wp.me\/PdMtA4-hG","jetpack_likes_enabled":true,"jetpack-related-posts":[{"id":1608,"url":"https:\/\/www.camteam.fi\/en\/","url_meta":{"origin":1096,"position":0},"title":"Etusivu","author":"Master","date":"1st August 2024","format":false,"excerpt":"Luotettava muovikumppanisi Jo vuodesta 1991 Ota yhteytt\u00e4 Miten edet\u00e4\u00e4n? Olemme t\u00e4\u00e4ll\u00e4 tarpeitasi varten, mit\u00e4 ikin\u00e4 muovituotteesi vaatiikaan. AlkupalaveriProjekti alkaa kunnollisella tutustumisella ideaan tai tuotteeseen. Mentoroimme asiakkaitamme tarpeen mukaan. SuunnitteluSuunnittelemme ja analysoimme tuotteen ja\/tai ruiskupuristusmuotin vuosien kokemuksella. ValmistusLastu lent\u00e4m\u00e4\u00e4n! Muottivalmistuksen jokainen vaihe tapahtuu meill\u00e4 Kaarinassa. Kauttamme my\u00f6s muottihankinta yhteisty\u00f6kumppaneiltamme. J\u00e4lkik\u00e4sittelyRuiskupuristettu tuote\u2026","rel":"","context":"Similar post","block_context":{"text":"Similar post","link":""},"img":{"alt_text":"","src":"https:\/\/i0.wp.com\/www.camteam.fi\/wpskb\/wp-content\/uploads\/2025\/09\/Nayttokuva_23-9-2025_203357_.jpeg?resize=350%2C200&ssl=1","width":350,"height":200,"srcset":"https:\/\/i0.wp.com\/www.camteam.fi\/wpskb\/wp-content\/uploads\/2025\/09\/Nayttokuva_23-9-2025_203357_.jpeg?resize=350%2C200&ssl=1 1x, https:\/\/i0.wp.com\/www.camteam.fi\/wpskb\/wp-content\/uploads\/2025\/09\/Nayttokuva_23-9-2025_203357_.jpeg?resize=525%2C300&ssl=1 1.5x, https:\/\/i0.wp.com\/www.camteam.fi\/wpskb\/wp-content\/uploads\/2025\/09\/Nayttokuva_23-9-2025_203357_.jpeg?resize=700%2C400&ssl=1 2x"},"classes":[]},{"id":1593,"url":"https:\/\/www.camteam.fi\/en\/our-services\/","url_meta":{"origin":1096,"position":1},"title":"Our Services","author":"Master","date":"1st August 2024","format":false,"excerpt":"Palvelut. T\u00e4ll\u00e4 sivulla voit tutustua kaikkiin tarjoamiimme palveluihin. Muottivalmistus Valmistamme t\u00e4\u00e4ll\u00e4 Kaarinassa muotteja satojen muottien kokemuksella. Muottisuunnittelu Alan johtavat ohjelmistot yhdistettyn\u00e4 suunnittelijoimme kokemukseen mahdollistavat korkealuokkaiset muotit. Ruiskupuristaminen Puristamme 1-, 2- ja 3-komponenttituotteet it\u00e4valtaisilla Engel-ruiskuvalukoneillamme.\u00a0 Analysointi Moldflow-ohjelmistolla varmistamme, ett\u00e4 tuotteesta on mahdollista saada juuri vaatimusten mukainen.\u00a0 Tuotesuunnittelu Tied\u00e4mme mit\u00e4 muovituotteilta vaaditaan,\u2026","rel":"","context":"Similar post","block_context":{"text":"Similar post","link":""},"img":{"alt_text":"","src":"https:\/\/i0.wp.com\/www.camteam.fi\/wpskb\/wp-content\/uploads\/2024\/08\/IMG_9460-e1723108147652.png?resize=350%2C200&ssl=1","width":350,"height":200,"srcset":"https:\/\/i0.wp.com\/www.camteam.fi\/wpskb\/wp-content\/uploads\/2024\/08\/IMG_9460-e1723108147652.png?resize=350%2C200&ssl=1 1x, https:\/\/i0.wp.com\/www.camteam.fi\/wpskb\/wp-content\/uploads\/2024\/08\/IMG_9460-e1723108147652.png?resize=525%2C300&ssl=1 1.5x, https:\/\/i0.wp.com\/www.camteam.fi\/wpskb\/wp-content\/uploads\/2024\/08\/IMG_9460-e1723108147652.png?resize=700%2C400&ssl=1 2x, https:\/\/i0.wp.com\/www.camteam.fi\/wpskb\/wp-content\/uploads\/2024\/08\/IMG_9460-e1723108147652.png?resize=1050%2C600&ssl=1 3x, https:\/\/i0.wp.com\/www.camteam.fi\/wpskb\/wp-content\/uploads\/2024\/08\/IMG_9460-e1723108147652.png?resize=1400%2C800&ssl=1 4x"},"classes":[]}],"rttpg_featured_image_url":null,"rttpg_author":{"display_name":"Master","author_link":"https:\/\/www.camteam.fi\/en\/author\/camadmin\/"},"rttpg_comment":0,"rttpg_category":null,"rttpg_excerpt":"Y-tunnus: 0860500-4 Verkkolaskuosoite: FI4520571800009470 V\u00e4litt\u00e4j\u00e4n tunnus: NDEAFIHH V\u00e4litt\u00e4j\u00e4: Nordea Lis\u00e4ksi my\u00f6s laskutuksen s\u00e4hk\u00f6postiosoite: laskut(at)camteam.fi","_links":{"self":[{"href":"https:\/\/www.camteam.fi\/en\/wp-json\/wp\/v2\/pages\/1096","targetHints":{"allow":["GET"]}}],"collection":[{"href":"https:\/\/www.camteam.fi\/en\/wp-json\/wp\/v2\/pages"}],"about":[{"href":"https:\/\/www.camteam.fi\/en\/wp-json\/wp\/v2\/types\/page"}],"author":[{"embeddable":true,"href":"https:\/\/www.camteam.fi\/en\/wp-json\/wp\/v2\/users\/1"}],"replies":[{"embeddable":true,"href":"https:\/\/www.camteam.fi\/en\/wp-json\/wp\/v2\/comments?post=1096"}],"version-history":[{"count":12,"href":"https:\/\/www.camteam.fi\/en\/wp-json\/wp\/v2\/pages\/1096\/revisions"}],"predecessor-version":[{"id":1511,"href":"https:\/\/www.camteam.fi\/en\/wp-json\/wp\/v2\/pages\/1096\/revisions\/1511"}],"wp:attachment":[{"href":"https:\/\/www.camteam.fi\/en\/wp-json\/wp\/v2\/media?parent=1096"}],"curies":[{"name":"wp","href":"https:\/\/api.w.org\/{rel}","templated":true}]}}